{"id":3915,"date":"2020-07-15T14:43:43","date_gmt":"2020-07-15T12:43:43","guid":{"rendered":"https:\/\/jeunes-ailes.asso.fr\/site\/?post_type=product&#038;p=3915"},"modified":"2023-02-03T13:55:47","modified_gmt":"2023-02-03T12:55:47","slug":"patch-velcro-brode-rond-8-cm-ancien-modele","status":"publish","type":"product","link":"https:\/\/jeunes-ailes.asso.fr\/site\/index.php\/produit\/patch-velcro-brode-rond-8-cm-ancien-modele\/","title":{"rendered":"Patch velcro brod\u00e9 rond 8 cm (ancien mod\u00e8le)"},"content":{"rendered":"","protected":false},"excerpt":{"rendered":"<p>Le patch velcro brod\u00e9 Jeunes Ailes de 8 cm trouvera sa place sur vos sacs de vol et sacoches de casque, planchettes de vol et combinaisons.<\/p>\n<p>Il s&#8217;agit de l&#8217;ancien mod\u00e8le avec l&#8217;ancienne adresse du site mais il est tout aussi beau et bien fini.<\/p>\n","protected":false},"featured_media":3815,"comment_status":"open","ping_status":"closed","template":"","meta":{"_mi_skip_tracking":false},"product_cat":[231],"product_tag":[],"class_list":["post-3915","product","type-product","status-publish","has-post-thumbnail","hentry","product_cat-goodies"],"yoast_head":"<!-- This site is optimized with the Yoast SEO plugin v17.8 - https:\/\/yoast.com\/wordpress\/plugins\/seo\/ -->\n<title>Patch velcro brod\u00e9 rond 8 cm (ancien mod\u00e8le) - Jeunes Ailes<\/title>\n<meta name=\"robots\" content=\"index, follow, max-snippet:-1, max-image-preview:large, max-video-preview:-1\" \/>\n<link rel=\"canonical\" href=\"https:\/\/jeunes-ailes.asso.fr\/site\/index.php\/produit\/patch-velcro-brode-rond-8-cm-ancien-modele\/\" \/>\n<meta property=\"og:locale\" content=\"fr_FR\" \/>\n<meta property=\"og:type\" content=\"article\" \/>\n<meta property=\"og:title\" content=\"Patch velcro brod\u00e9 rond 8 cm (ancien mod\u00e8le) - Jeunes Ailes\" \/>\n<meta property=\"og:description\" content=\"Le patch velcro brod\u00e9 Jeunes Ailes de 8 cm trouvera sa place sur vos sacs de vol et sacoches de casque, planchettes de vol et combinaisons.  Il s&#039;agit de l&#039;ancien mod\u00e8le avec l&#039;ancienne adresse du site mais il est tout aussi beau et bien fini.\" \/>\n<meta property=\"og:url\" content=\"https:\/\/jeunes-ailes.asso.fr\/site\/index.php\/produit\/patch-velcro-brode-rond-8-cm-ancien-modele\/\" \/>\n<meta property=\"og:site_name\" content=\"Jeunes Ailes\" \/>\n<meta property=\"article:publisher\" content=\"https:\/\/fr-fr.facebook.com\/groups\/jeunesailes\" \/>\n<meta property=\"article:modified_time\" content=\"2023-02-03T12:55:47+00:00\" \/>\n<meta property=\"og:image\" content=\"https:\/\/jeunes-ailes.asso.fr\/site\/wp-content\/uploads\/2020\/07\/IMG_4549.jpg\" \/>\n\t<meta property=\"og:image:width\" content=\"960\" \/>\n\t<meta property=\"og:image:height\" content=\"714\" \/>\n<meta name=\"twitter:card\" content=\"summary_large_image\" \/>\n<script type=\"application\/ld+json\" class=\"yoast-schema-graph\">{\"@context\":\"https:\/\/schema.org\",\"@graph\":[{\"@type\":\"Organization\",\"@id\":\"https:\/\/jeunes-ailes.asso.fr\/site\/#organization\",\"name\":\"Jeunes Ailes\",\"url\":\"https:\/\/jeunes-ailes.asso.fr\/site\/\",\"sameAs\":[\"https:\/\/fr-fr.facebook.com\/groups\/jeunesailes\",\"https:\/\/www.instagram.com\/jeunes_ailes_association\/\",\"https:\/\/www.linkedin.com\/company\/jeunes-ailes\",\"https:\/\/www.youtube.com\/playlist?list=PLMEx60-fXLQt8yMxQ0iUZznXvUdgvr6WR\",\"https:\/\/fr.wikipedia.org\/wiki\/JA\"],\"logo\":{\"@type\":\"ImageObject\",\"@id\":\"https:\/\/jeunes-ailes.asso.fr\/site\/#logo\",\"inLanguage\":\"fr-FR\",\"url\":\"https:\/\/jeunes-ailes.asso.fr\/site\/wp-content\/uploads\/2018\/05\/logo-jeunes-ailes.png\",\"contentUrl\":\"https:\/\/jeunes-ailes.asso.fr\/site\/wp-content\/uploads\/2018\/05\/logo-jeunes-ailes.png\",\"width\":500,\"height\":464,\"caption\":\"Jeunes Ailes\"},\"image\":{\"@id\":\"https:\/\/jeunes-ailes.asso.fr\/site\/#logo\"}},{\"@type\":\"WebSite\",\"@id\":\"https:\/\/jeunes-ailes.asso.fr\/site\/#website\",\"url\":\"https:\/\/jeunes-ailes.asso.fr\/site\/\",\"name\":\"Jeunes Ailes\",\"description\":\"le site officiel de l&#039;association Jeunes Ailes, les passionn\\u00e9s d&#039;a\\u00e9ronautique\",\"publisher\":{\"@id\":\"https:\/\/jeunes-ailes.asso.fr\/site\/#organization\"},\"potentialAction\":[{\"@type\":\"SearchAction\",\"target\":{\"@type\":\"EntryPoint\",\"urlTemplate\":\"https:\/\/jeunes-ailes.asso.fr\/site\/?s={search_term_string}\"},\"query-input\":\"required name=search_term_string\"}],\"inLanguage\":\"fr-FR\"},{\"@type\":\"ImageObject\",\"@id\":\"https:\/\/jeunes-ailes.asso.fr\/site\/index.php\/produit\/patch-velcro-brode-rond-8-cm-ancien-modele\/#primaryimage\",\"inLanguage\":\"fr-FR\",\"url\":\"https:\/\/jeunes-ailes.asso.fr\/site\/wp-content\/uploads\/2020\/07\/IMG_4549.jpg\",\"contentUrl\":\"https:\/\/jeunes-ailes.asso.fr\/site\/wp-content\/uploads\/2020\/07\/IMG_4549.jpg\",\"width\":960,\"height\":714},{\"@type\":\"WebPage\",\"@id\":\"https:\/\/jeunes-ailes.asso.fr\/site\/index.php\/produit\/patch-velcro-brode-rond-8-cm-ancien-modele\/#webpage\",\"url\":\"https:\/\/jeunes-ailes.asso.fr\/site\/index.php\/produit\/patch-velcro-brode-rond-8-cm-ancien-modele\/\",\"name\":\"Patch velcro brod\\u00e9 rond 8 cm (ancien mod\\u00e8le) - Jeunes Ailes\",\"isPartOf\":{\"@id\":\"https:\/\/jeunes-ailes.asso.fr\/site\/#website\"},\"primaryImageOfPage\":{\"@id\":\"https:\/\/jeunes-ailes.asso.fr\/site\/index.php\/produit\/patch-velcro-brode-rond-8-cm-ancien-modele\/#primaryimage\"},\"datePublished\":\"2020-07-15T12:43:43+00:00\",\"dateModified\":\"2023-02-03T12:55:47+00:00\",\"breadcrumb\":{\"@id\":\"https:\/\/jeunes-ailes.asso.fr\/site\/index.php\/produit\/patch-velcro-brode-rond-8-cm-ancien-modele\/#breadcrumb\"},\"inLanguage\":\"fr-FR\",\"potentialAction\":[{\"@type\":\"ReadAction\",\"target\":[\"https:\/\/jeunes-ailes.asso.fr\/site\/index.php\/produit\/patch-velcro-brode-rond-8-cm-ancien-modele\/\"]}]},{\"@type\":\"BreadcrumbList\",\"@id\":\"https:\/\/jeunes-ailes.asso.fr\/site\/index.php\/produit\/patch-velcro-brode-rond-8-cm-ancien-modele\/#breadcrumb\",\"itemListElement\":[{\"@type\":\"ListItem\",\"position\":1,\"name\":\"Home\",\"item\":\"https:\/\/jeunes-ailes.asso.fr\/site\/\"},{\"@type\":\"ListItem\",\"position\":2,\"name\":\"Passer commande\",\"item\":\"https:\/\/jeunes-ailes.asso.fr\/site\/index.php\/passer-commande\/\"},{\"@type\":\"ListItem\",\"position\":3,\"name\":\"Patch velcro brod\\u00e9 rond 8 cm (ancien mod\\u00e8le)\"}]}]}<\/script>\n<!-- \/ Yoast SEO plugin. -->","yoast_head_json":{"title":"Patch velcro brod\u00e9 rond 8 cm (ancien mod\u00e8le) - Jeunes Ailes","robots":{"index":"index","follow":"follow","max-snippet":"max-snippet:-1","max-image-preview":"max-image-preview:large","max-video-preview":"max-video-preview:-1"},"canonical":"https:\/\/jeunes-ailes.asso.fr\/site\/index.php\/produit\/patch-velcro-brode-rond-8-cm-ancien-modele\/","og_locale":"fr_FR","og_type":"article","og_title":"Patch velcro brod\u00e9 rond 8 cm (ancien mod\u00e8le) - Jeunes Ailes","og_description":"Le patch velcro brod\u00e9 Jeunes Ailes de 8 cm trouvera sa place sur vos sacs de vol et sacoches de casque, planchettes de vol et combinaisons.  Il s'agit de l'ancien mod\u00e8le avec l'ancienne adresse du site mais il est tout aussi beau et bien fini.","og_url":"https:\/\/jeunes-ailes.asso.fr\/site\/index.php\/produit\/patch-velcro-brode-rond-8-cm-ancien-modele\/","og_site_name":"Jeunes Ailes","article_publisher":"https:\/\/fr-fr.facebook.com\/groups\/jeunesailes","article_modified_time":"2023-02-03T12:55:47+00:00","og_image":[{"width":960,"height":714,"url":"https:\/\/jeunes-ailes.asso.fr\/site\/wp-content\/uploads\/2020\/07\/IMG_4549.jpg","type":"image\/jpeg"}],"twitter_card":"summary_large_image","schema":{"@context":"https:\/\/schema.org","@graph":[{"@type":"Organization","@id":"https:\/\/jeunes-ailes.asso.fr\/site\/#organization","name":"Jeunes Ailes","url":"https:\/\/jeunes-ailes.asso.fr\/site\/","sameAs":["https:\/\/fr-fr.facebook.com\/groups\/jeunesailes","https:\/\/www.instagram.com\/jeunes_ailes_association\/","https:\/\/www.linkedin.com\/company\/jeunes-ailes","https:\/\/www.youtube.com\/playlist?list=PLMEx60-fXLQt8yMxQ0iUZznXvUdgvr6WR","https:\/\/fr.wikipedia.org\/wiki\/JA"],"logo":{"@type":"ImageObject","@id":"https:\/\/jeunes-ailes.asso.fr\/site\/#logo","inLanguage":"fr-FR","url":"https:\/\/jeunes-ailes.asso.fr\/site\/wp-content\/uploads\/2018\/05\/logo-jeunes-ailes.png","contentUrl":"https:\/\/jeunes-ailes.asso.fr\/site\/wp-content\/uploads\/2018\/05\/logo-jeunes-ailes.png","width":500,"height":464,"caption":"Jeunes Ailes"},"image":{"@id":"https:\/\/jeunes-ailes.asso.fr\/site\/#logo"}},{"@type":"WebSite","@id":"https:\/\/jeunes-ailes.asso.fr\/site\/#website","url":"https:\/\/jeunes-ailes.asso.fr\/site\/","name":"Jeunes Ailes","description":"le site officiel de l&#039;association Jeunes Ailes, les passionn\u00e9s d&#039;a\u00e9ronautique","publisher":{"@id":"https:\/\/jeunes-ailes.asso.fr\/site\/#organization"},"potentialAction":[{"@type":"SearchAction","target":{"@type":"EntryPoint","urlTemplate":"https:\/\/jeunes-ailes.asso.fr\/site\/?s={search_term_string}"},"query-input":"required name=search_term_string"}],"inLanguage":"fr-FR"},{"@type":"ImageObject","@id":"https:\/\/jeunes-ailes.asso.fr\/site\/index.php\/produit\/patch-velcro-brode-rond-8-cm-ancien-modele\/#primaryimage","inLanguage":"fr-FR","url":"https:\/\/jeunes-ailes.asso.fr\/site\/wp-content\/uploads\/2020\/07\/IMG_4549.jpg","contentUrl":"https:\/\/jeunes-ailes.asso.fr\/site\/wp-content\/uploads\/2020\/07\/IMG_4549.jpg","width":960,"height":714},{"@type":"WebPage","@id":"https:\/\/jeunes-ailes.asso.fr\/site\/index.php\/produit\/patch-velcro-brode-rond-8-cm-ancien-modele\/#webpage","url":"https:\/\/jeunes-ailes.asso.fr\/site\/index.php\/produit\/patch-velcro-brode-rond-8-cm-ancien-modele\/","name":"Patch velcro brod\u00e9 rond 8 cm (ancien mod\u00e8le) - Jeunes Ailes","isPartOf":{"@id":"https:\/\/jeunes-ailes.asso.fr\/site\/#website"},"primaryImageOfPage":{"@id":"https:\/\/jeunes-ailes.asso.fr\/site\/index.php\/produit\/patch-velcro-brode-rond-8-cm-ancien-modele\/#primaryimage"},"datePublished":"2020-07-15T12:43:43+00:00","dateModified":"2023-02-03T12:55:47+00:00","breadcrumb":{"@id":"https:\/\/jeunes-ailes.asso.fr\/site\/index.php\/produit\/patch-velcro-brode-rond-8-cm-ancien-modele\/#breadcrumb"},"inLanguage":"fr-FR","potentialAction":[{"@type":"ReadAction","target":["https:\/\/jeunes-ailes.asso.fr\/site\/index.php\/produit\/patch-velcro-brode-rond-8-cm-ancien-modele\/"]}]},{"@type":"BreadcrumbList","@id":"https:\/\/jeunes-ailes.asso.fr\/site\/index.php\/produit\/patch-velcro-brode-rond-8-cm-ancien-modele\/#breadcrumb","itemListElement":[{"@type":"ListItem","position":1,"name":"Home","item":"https:\/\/jeunes-ailes.asso.fr\/site\/"},{"@type":"ListItem","position":2,"name":"Passer commande","item":"https:\/\/jeunes-ailes.asso.fr\/site\/index.php\/passer-commande\/"},{"@type":"ListItem","position":3,"name":"Patch velcro brod\u00e9 rond 8 cm (ancien mod\u00e8le)"}]}]}},"_links":{"self":[{"href":"https:\/\/jeunes-ailes.asso.fr\/site\/index.php\/wp-json\/wp\/v2\/product\/3915","targetHints":{"allow":["GET"]}}],"collection":[{"href":"https:\/\/jeunes-ailes.asso.fr\/site\/index.php\/wp-json\/wp\/v2\/product"}],"about":[{"href":"https:\/\/jeunes-ailes.asso.fr\/site\/index.php\/wp-json\/wp\/v2\/types\/product"}],"replies":[{"embeddable":true,"href":"https:\/\/jeunes-ailes.asso.fr\/site\/index.php\/wp-json\/wp\/v2\/comments?post=3915"}],"wp:featuredmedia":[{"embeddable":true,"href":"https:\/\/jeunes-ailes.asso.fr\/site\/index.php\/wp-json\/wp\/v2\/media\/3815"}],"wp:attachment":[{"href":"https:\/\/jeunes-ailes.asso.fr\/site\/index.php\/wp-json\/wp\/v2\/media?parent=3915"}],"wp:term":[{"taxonomy":"product_cat","embeddable":true,"href":"https:\/\/jeunes-ailes.asso.fr\/site\/index.php\/wp-json\/wp\/v2\/product_cat?post=3915"},{"taxonomy":"product_tag","embeddable":true,"href":"https:\/\/jeunes-ailes.asso.fr\/site\/index.php\/wp-json\/wp\/v2\/product_tag?post=3915"}],"curies":[{"name":"wp","href":"https:\/\/api.w.org\/{rel}","templated":true}]}}