{"id":3793,"date":"2020-07-08T13:20:25","date_gmt":"2020-07-08T11:20:25","guid":{"rendered":"http:\/\/jeunes-ailes.asso.fr\/site\/?post_type=product&#038;p=3793"},"modified":"2023-01-04T11:11:53","modified_gmt":"2023-01-04T10:11:53","slug":"patch-velcro-brode-decoupe-laser-9-5-cm","status":"publish","type":"product","link":"https:\/\/jeunes-ailes.asso.fr\/site\/index.php\/produit\/patch-velcro-brode-decoupe-laser-9-5-cm\/","title":{"rendered":"Patch velcro brod\u00e9 d\u00e9coupe laser 9.5 cm"},"content":{"rendered":"","protected":false},"excerpt":{"rendered":"<p>Le patch velcro brod\u00e9 Jeunes Ailes de 9.5 cm trouvera sa place sur vos sacs de vol et sacoches de casque, planchettes de vol et combinaisons.<\/p>\n<p>Ce patch est d\u00e9coup\u00e9 au laser avec l&#8217;entourage de l&#8217;avion Jeunes Ailes le CP751 B\u00e9ryl.<\/p>\n","protected":false},"featured_media":3961,"comment_status":"open","ping_status":"closed","template":"","meta":{"_mi_skip_tracking":false},"product_cat":[231],"product_tag":[],"class_list":["post-3793","product","type-product","status-publish","has-post-thumbnail","hentry","product_cat-goodies"],"yoast_head":"<!-- This site is optimized with the Yoast SEO plugin v17.8 - https:\/\/yoast.com\/wordpress\/plugins\/seo\/ -->\n<title>Patch velcro brod\u00e9 d\u00e9coupe laser 9.5 cm - Jeunes Ailes<\/title>\n<meta name=\"robots\" content=\"index, follow, max-snippet:-1, max-image-preview:large, max-video-preview:-1\" \/>\n<link rel=\"canonical\" href=\"https:\/\/jeunes-ailes.asso.fr\/site\/index.php\/produit\/patch-velcro-brode-decoupe-laser-9-5-cm\/\" \/>\n<meta property=\"og:locale\" content=\"fr_FR\" \/>\n<meta property=\"og:type\" content=\"article\" \/>\n<meta property=\"og:title\" content=\"Patch velcro brod\u00e9 d\u00e9coupe laser 9.5 cm - Jeunes Ailes\" \/>\n<meta property=\"og:description\" content=\"Le patch velcro brod\u00e9 Jeunes Ailes de 9.5 cm trouvera sa place sur vos sacs de vol et sacoches de casque, planchettes de vol et combinaisons.  Ce patch est d\u00e9coup\u00e9 au laser avec l&#039;entourage de l&#039;avion Jeunes Ailes le CP751 B\u00e9ryl.\" \/>\n<meta property=\"og:url\" content=\"https:\/\/jeunes-ailes.asso.fr\/site\/index.php\/produit\/patch-velcro-brode-decoupe-laser-9-5-cm\/\" \/>\n<meta property=\"og:site_name\" content=\"Jeunes Ailes\" \/>\n<meta property=\"article:publisher\" content=\"https:\/\/fr-fr.facebook.com\/groups\/jeunesailes\" \/>\n<meta property=\"article:modified_time\" content=\"2023-01-04T10:11:53+00:00\" \/>\n<meta property=\"og:image\" content=\"https:\/\/jeunes-ailes.asso.fr\/site\/wp-content\/uploads\/2020\/07\/5CD88A68-28E5-428A-9EBC-CC8E122BDDDD.jpeg\" \/>\n\t<meta property=\"og:image:width\" content=\"2287\" \/>\n\t<meta property=\"og:image:height\" content=\"1800\" \/>\n<meta name=\"twitter:card\" content=\"summary_large_image\" \/>\n<script type=\"application\/ld+json\" class=\"yoast-schema-graph\">{\"@context\":\"https:\/\/schema.org\",\"@graph\":[{\"@type\":\"Organization\",\"@id\":\"https:\/\/jeunes-ailes.asso.fr\/site\/#organization\",\"name\":\"Jeunes Ailes\",\"url\":\"https:\/\/jeunes-ailes.asso.fr\/site\/\",\"sameAs\":[\"https:\/\/fr-fr.facebook.com\/groups\/jeunesailes\",\"https:\/\/www.instagram.com\/jeunes_ailes_association\/\",\"https:\/\/www.linkedin.com\/company\/jeunes-ailes\",\"https:\/\/www.youtube.com\/playlist?list=PLMEx60-fXLQt8yMxQ0iUZznXvUdgvr6WR\",\"https:\/\/fr.wikipedia.org\/wiki\/JA\"],\"logo\":{\"@type\":\"ImageObject\",\"@id\":\"https:\/\/jeunes-ailes.asso.fr\/site\/#logo\",\"inLanguage\":\"fr-FR\",\"url\":\"https:\/\/jeunes-ailes.asso.fr\/site\/wp-content\/uploads\/2018\/05\/logo-jeunes-ailes.png\",\"contentUrl\":\"https:\/\/jeunes-ailes.asso.fr\/site\/wp-content\/uploads\/2018\/05\/logo-jeunes-ailes.png\",\"width\":500,\"height\":464,\"caption\":\"Jeunes Ailes\"},\"image\":{\"@id\":\"https:\/\/jeunes-ailes.asso.fr\/site\/#logo\"}},{\"@type\":\"WebSite\",\"@id\":\"https:\/\/jeunes-ailes.asso.fr\/site\/#website\",\"url\":\"https:\/\/jeunes-ailes.asso.fr\/site\/\",\"name\":\"Jeunes Ailes\",\"description\":\"le site officiel de l&#039;association Jeunes Ailes, les passionn\\u00e9s d&#039;a\\u00e9ronautique\",\"publisher\":{\"@id\":\"https:\/\/jeunes-ailes.asso.fr\/site\/#organization\"},\"potentialAction\":[{\"@type\":\"SearchAction\",\"target\":{\"@type\":\"EntryPoint\",\"urlTemplate\":\"https:\/\/jeunes-ailes.asso.fr\/site\/?s={search_term_string}\"},\"query-input\":\"required name=search_term_string\"}],\"inLanguage\":\"fr-FR\"},{\"@type\":\"ImageObject\",\"@id\":\"https:\/\/jeunes-ailes.asso.fr\/site\/index.php\/produit\/patch-velcro-brode-decoupe-laser-9-5-cm\/#primaryimage\",\"inLanguage\":\"fr-FR\",\"url\":\"https:\/\/jeunes-ailes.asso.fr\/site\/wp-content\/uploads\/2020\/07\/5CD88A68-28E5-428A-9EBC-CC8E122BDDDD.jpeg\",\"contentUrl\":\"https:\/\/jeunes-ailes.asso.fr\/site\/wp-content\/uploads\/2020\/07\/5CD88A68-28E5-428A-9EBC-CC8E122BDDDD.jpeg\",\"width\":2287,\"height\":1800},{\"@type\":\"WebPage\",\"@id\":\"https:\/\/jeunes-ailes.asso.fr\/site\/index.php\/produit\/patch-velcro-brode-decoupe-laser-9-5-cm\/#webpage\",\"url\":\"https:\/\/jeunes-ailes.asso.fr\/site\/index.php\/produit\/patch-velcro-brode-decoupe-laser-9-5-cm\/\",\"name\":\"Patch velcro brod\\u00e9 d\\u00e9coupe laser 9.5 cm - Jeunes Ailes\",\"isPartOf\":{\"@id\":\"https:\/\/jeunes-ailes.asso.fr\/site\/#website\"},\"primaryImageOfPage\":{\"@id\":\"https:\/\/jeunes-ailes.asso.fr\/site\/index.php\/produit\/patch-velcro-brode-decoupe-laser-9-5-cm\/#primaryimage\"},\"datePublished\":\"2020-07-08T11:20:25+00:00\",\"dateModified\":\"2023-01-04T10:11:53+00:00\",\"breadcrumb\":{\"@id\":\"https:\/\/jeunes-ailes.asso.fr\/site\/index.php\/produit\/patch-velcro-brode-decoupe-laser-9-5-cm\/#breadcrumb\"},\"inLanguage\":\"fr-FR\",\"potentialAction\":[{\"@type\":\"ReadAction\",\"target\":[\"https:\/\/jeunes-ailes.asso.fr\/site\/index.php\/produit\/patch-velcro-brode-decoupe-laser-9-5-cm\/\"]}]},{\"@type\":\"BreadcrumbList\",\"@id\":\"https:\/\/jeunes-ailes.asso.fr\/site\/index.php\/produit\/patch-velcro-brode-decoupe-laser-9-5-cm\/#breadcrumb\",\"itemListElement\":[{\"@type\":\"ListItem\",\"position\":1,\"name\":\"Home\",\"item\":\"https:\/\/jeunes-ailes.asso.fr\/site\/\"},{\"@type\":\"ListItem\",\"position\":2,\"name\":\"Passer commande\",\"item\":\"https:\/\/jeunes-ailes.asso.fr\/site\/index.php\/passer-commande\/\"},{\"@type\":\"ListItem\",\"position\":3,\"name\":\"Patch velcro brod\\u00e9 d\\u00e9coupe laser 9.5 cm\"}]}]}<\/script>\n<!-- \/ Yoast SEO plugin. -->","yoast_head_json":{"title":"Patch velcro brod\u00e9 d\u00e9coupe laser 9.5 cm - Jeunes Ailes","robots":{"index":"index","follow":"follow","max-snippet":"max-snippet:-1","max-image-preview":"max-image-preview:large","max-video-preview":"max-video-preview:-1"},"canonical":"https:\/\/jeunes-ailes.asso.fr\/site\/index.php\/produit\/patch-velcro-brode-decoupe-laser-9-5-cm\/","og_locale":"fr_FR","og_type":"article","og_title":"Patch velcro brod\u00e9 d\u00e9coupe laser 9.5 cm - Jeunes Ailes","og_description":"Le patch velcro brod\u00e9 Jeunes Ailes de 9.5 cm trouvera sa place sur vos sacs de vol et sacoches de casque, planchettes de vol et combinaisons.  Ce patch est d\u00e9coup\u00e9 au laser avec l'entourage de l'avion Jeunes Ailes le CP751 B\u00e9ryl.","og_url":"https:\/\/jeunes-ailes.asso.fr\/site\/index.php\/produit\/patch-velcro-brode-decoupe-laser-9-5-cm\/","og_site_name":"Jeunes Ailes","article_publisher":"https:\/\/fr-fr.facebook.com\/groups\/jeunesailes","article_modified_time":"2023-01-04T10:11:53+00:00","og_image":[{"width":2287,"height":1800,"url":"https:\/\/jeunes-ailes.asso.fr\/site\/wp-content\/uploads\/2020\/07\/5CD88A68-28E5-428A-9EBC-CC8E122BDDDD.jpeg","type":"image\/jpeg"}],"twitter_card":"summary_large_image","schema":{"@context":"https:\/\/schema.org","@graph":[{"@type":"Organization","@id":"https:\/\/jeunes-ailes.asso.fr\/site\/#organization","name":"Jeunes Ailes","url":"https:\/\/jeunes-ailes.asso.fr\/site\/","sameAs":["https:\/\/fr-fr.facebook.com\/groups\/jeunesailes","https:\/\/www.instagram.com\/jeunes_ailes_association\/","https:\/\/www.linkedin.com\/company\/jeunes-ailes","https:\/\/www.youtube.com\/playlist?list=PLMEx60-fXLQt8yMxQ0iUZznXvUdgvr6WR","https:\/\/fr.wikipedia.org\/wiki\/JA"],"logo":{"@type":"ImageObject","@id":"https:\/\/jeunes-ailes.asso.fr\/site\/#logo","inLanguage":"fr-FR","url":"https:\/\/jeunes-ailes.asso.fr\/site\/wp-content\/uploads\/2018\/05\/logo-jeunes-ailes.png","contentUrl":"https:\/\/jeunes-ailes.asso.fr\/site\/wp-content\/uploads\/2018\/05\/logo-jeunes-ailes.png","width":500,"height":464,"caption":"Jeunes Ailes"},"image":{"@id":"https:\/\/jeunes-ailes.asso.fr\/site\/#logo"}},{"@type":"WebSite","@id":"https:\/\/jeunes-ailes.asso.fr\/site\/#website","url":"https:\/\/jeunes-ailes.asso.fr\/site\/","name":"Jeunes Ailes","description":"le site officiel de l&#039;association Jeunes Ailes, les passionn\u00e9s d&#039;a\u00e9ronautique","publisher":{"@id":"https:\/\/jeunes-ailes.asso.fr\/site\/#organization"},"potentialAction":[{"@type":"SearchAction","target":{"@type":"EntryPoint","urlTemplate":"https:\/\/jeunes-ailes.asso.fr\/site\/?s={search_term_string}"},"query-input":"required name=search_term_string"}],"inLanguage":"fr-FR"},{"@type":"ImageObject","@id":"https:\/\/jeunes-ailes.asso.fr\/site\/index.php\/produit\/patch-velcro-brode-decoupe-laser-9-5-cm\/#primaryimage","inLanguage":"fr-FR","url":"https:\/\/jeunes-ailes.asso.fr\/site\/wp-content\/uploads\/2020\/07\/5CD88A68-28E5-428A-9EBC-CC8E122BDDDD.jpeg","contentUrl":"https:\/\/jeunes-ailes.asso.fr\/site\/wp-content\/uploads\/2020\/07\/5CD88A68-28E5-428A-9EBC-CC8E122BDDDD.jpeg","width":2287,"height":1800},{"@type":"WebPage","@id":"https:\/\/jeunes-ailes.asso.fr\/site\/index.php\/produit\/patch-velcro-brode-decoupe-laser-9-5-cm\/#webpage","url":"https:\/\/jeunes-ailes.asso.fr\/site\/index.php\/produit\/patch-velcro-brode-decoupe-laser-9-5-cm\/","name":"Patch velcro brod\u00e9 d\u00e9coupe laser 9.5 cm - Jeunes Ailes","isPartOf":{"@id":"https:\/\/jeunes-ailes.asso.fr\/site\/#website"},"primaryImageOfPage":{"@id":"https:\/\/jeunes-ailes.asso.fr\/site\/index.php\/produit\/patch-velcro-brode-decoupe-laser-9-5-cm\/#primaryimage"},"datePublished":"2020-07-08T11:20:25+00:00","dateModified":"2023-01-04T10:11:53+00:00","breadcrumb":{"@id":"https:\/\/jeunes-ailes.asso.fr\/site\/index.php\/produit\/patch-velcro-brode-decoupe-laser-9-5-cm\/#breadcrumb"},"inLanguage":"fr-FR","potentialAction":[{"@type":"ReadAction","target":["https:\/\/jeunes-ailes.asso.fr\/site\/index.php\/produit\/patch-velcro-brode-decoupe-laser-9-5-cm\/"]}]},{"@type":"BreadcrumbList","@id":"https:\/\/jeunes-ailes.asso.fr\/site\/index.php\/produit\/patch-velcro-brode-decoupe-laser-9-5-cm\/#breadcrumb","itemListElement":[{"@type":"ListItem","position":1,"name":"Home","item":"https:\/\/jeunes-ailes.asso.fr\/site\/"},{"@type":"ListItem","position":2,"name":"Passer commande","item":"https:\/\/jeunes-ailes.asso.fr\/site\/index.php\/passer-commande\/"},{"@type":"ListItem","position":3,"name":"Patch velcro brod\u00e9 d\u00e9coupe laser 9.5 cm"}]}]}},"_links":{"self":[{"href":"https:\/\/jeunes-ailes.asso.fr\/site\/index.php\/wp-json\/wp\/v2\/product\/3793","targetHints":{"allow":["GET"]}}],"collection":[{"href":"https:\/\/jeunes-ailes.asso.fr\/site\/index.php\/wp-json\/wp\/v2\/product"}],"about":[{"href":"https:\/\/jeunes-ailes.asso.fr\/site\/index.php\/wp-json\/wp\/v2\/types\/product"}],"replies":[{"embeddable":true,"href":"https:\/\/jeunes-ailes.asso.fr\/site\/index.php\/wp-json\/wp\/v2\/comments?post=3793"}],"wp:featuredmedia":[{"embeddable":true,"href":"https:\/\/jeunes-ailes.asso.fr\/site\/index.php\/wp-json\/wp\/v2\/media\/3961"}],"wp:attachment":[{"href":"https:\/\/jeunes-ailes.asso.fr\/site\/index.php\/wp-json\/wp\/v2\/media?parent=3793"}],"wp:term":[{"taxonomy":"product_cat","embeddable":true,"href":"https:\/\/jeunes-ailes.asso.fr\/site\/index.php\/wp-json\/wp\/v2\/product_cat?post=3793"},{"taxonomy":"product_tag","embeddable":true,"href":"https:\/\/jeunes-ailes.asso.fr\/site\/index.php\/wp-json\/wp\/v2\/product_tag?post=3793"}],"curies":[{"name":"wp","href":"https:\/\/api.w.org\/{rel}","templated":true}]}}