{"id":7,"date":"2013-07-06T08:28:15","date_gmt":"2013-07-06T06:28:15","guid":{"rendered":"http:\/\/curlydemo.staging.wpengine.com\/equestrian-v2\/?page_id=7"},"modified":"2021-03-30T08:18:27","modified_gmt":"2021-03-30T06:18:27","slug":"media-press","status":"publish","type":"page","link":"https:\/\/jeunes-ailes.asso.fr\/site\/index.php\/media-press\/","title":{"rendered":"M\u00e9dias\/Presse"},"content":{"rendered":"[vc_row][vc_column][vc_message message_box_style=&#8221;3d&#8221; message_box_color=&#8221;pink&#8221; icon_type=&#8221;pixelicons&#8221; icon_pixelicons=&#8221;vc_pixel_icon vc_pixel_icon-explanation&#8221;]\n<h4><b>Attention les photos, images, affiches et logos ne sont pas libres de droits. Ils appartiennent \u00e0 l&#8217;Association Jeunes Ailes et leurs auteurs. Si vous souhaitez les utiliser autre que pour votre usage personnel merci d&#8217;en demander l&#8217;autorisation au pr\u00e9alable. <a href=\"http:\/\/jeunes-ailes.asso.fr\/site\/index.php\/news\/contact\/\">Contactez-nous<\/a><br \/>\n<\/b><\/h4>\n[\/vc_message][vc_column_text]\n<h2 style=\"text-align: center;\">T\u00e9l\u00e9chargements<\/h2>\n<h4><a href=\"http:\/\/jeunes-ailes.asso.fr\/site\/wp-content\/uploads\/2020\/02\/Dossier-de-pr\u00e9sentation-2020-Association-Jeunes-Ailes.pdf\">Dossier de pr\u00e9sentation 2020 &#8211; Association Jeunes Ailes<\/a><\/h4>\n<h4><a href=\"http:\/\/jeunes-ailes.asso.fr\/site\/wp-content\/uploads\/2020\/02\/Revue-de-Presse-Association-Jeunes-Ailes.pdf\">Revue de Presse Association Jeunes Ailes<\/a><\/h4>\n[\/vc_column_text][vc_column_text]\n<h2 style=\"text-align: center;\">Dossier de Pr\u00e9sentation Association Jeunes Ailes<\/h2>\n<h4><a href=\"http:\/\/jeunes-ailes.asso.fr\/site\/wp-content\/uploads\/2020\/02\/Dossier-de-pr\u00e9sentation-2020-Association-Jeunes-Ailes.pdf\"><a href=\"https:\/\/jeunes-ailes.asso.fr\/site\/wp-content\/uploads\/2020\/02\/Dossier-de-pr\u00e9sentation-2020-Association-Jeunes-Ailes.pdf\" class=\"pdfemb-viewer\" style=\"\" data-width=\"max\" data-height=\"max\" data-mobile-width=\"500\"  data-scrollbar=\"both\" data-download=\"on\" data-tracking=\"on\" data-newwindow=\"on\" data-pagetextbox=\"off\" data-scrolltotop=\"off\" data-startzoom=\"100\" data-startfpzoom=\"100\" data-toolbar=\"bottom\" data-toolbar-fixed=\"on\">Dossier de pr\u00e9sentation 2020 - Association Jeunes Ailes<br\/><\/a>Dossier de pr\u00e9sentation 2020 &#8211; Association Jeunes Ailes<\/a><\/h4>\n[\/vc_column_text][vc_column_text]\n<h2 style=\"text-align: center;\">Dossier de Pr\u00e9sentation Association Jeunes Ailes<\/h2>\n<h4><a href=\"https:\/\/jeunes-ailes.asso.fr\/site\/wp-content\/uploads\/2020\/02\/Revue-de-Presse-Association-Jeunes-Ailes.pdf\" class=\"pdfemb-viewer\" style=\"\" data-width=\"max\" data-height=\"max\" data-mobile-width=\"500\"  data-scrollbar=\"both\" data-download=\"on\" data-tracking=\"on\" data-newwindow=\"on\" data-pagetextbox=\"off\" data-scrolltotop=\"off\" data-startzoom=\"100\" data-startfpzoom=\"100\" data-toolbar=\"bottom\" data-toolbar-fixed=\"on\">Revue de Presse Association Jeunes Ailes<br\/><\/a><\/h4>\n[\/vc_column_text][vc_column_text]\n<h2 style=\"text-align: center;\">Logos, Affiches, et autres \u00e9l\u00e8ments \u00e0 t\u00e9l\u00e9charger :<\/h2>\n[\/vc_column_text]<div class=\"panel-group\"  id=\"accordion0\"><div class=\"panel\"><div class=\"panel-heading\"><h6><a class=\"accordion-toggle collapsed\" data-toggle=\"collapse\" data-parent=\"#accordion0\" href=\"#panel1\">Logos<\/a><\/h6><\/div><div id=\"panel1\" class=\"panel-collapse collapse\"><div class=\"panel-body\">\n\t\t\t\t       [vc_column_text]Logo 1 (officiel) :<\/p>\n<p><img loading=\"lazy\" decoding=\"async\" class=\"alignnone size-full wp-image-2279 aligncenter\" src=\"http:\/\/jeunes-ailes.asso.fr\/site\/wp-content\/uploads\/2018\/05\/logo-jeunes-ailes.png\" alt=\"\" width=\"500\" height=\"464\" \/><\/p>\n<p>Logo 2 (Carr\u00e9, autocollants) :<img loading=\"lazy\" decoding=\"async\" class=\"alignnone size-full wp-image-2594\" src=\"http:\/\/jeunes-ailes.asso.fr\/site\/wp-content\/uploads\/2020\/02\/Autocollant-JA-carr\u00e9.png\" alt=\"\" width=\"977\" height=\"688\" srcset=\"https:\/\/jeunes-ailes.asso.fr\/site\/wp-content\/uploads\/2020\/02\/Autocollant-JA-carr\u00e9.png 977w, https:\/\/jeunes-ailes.asso.fr\/site\/wp-content\/uploads\/2020\/02\/Autocollant-JA-carr\u00e9-760x535.png 760w, https:\/\/jeunes-ailes.asso.fr\/site\/wp-content\/uploads\/2020\/02\/Autocollant-JA-carr\u00e9-300x211.png 300w, https:\/\/jeunes-ailes.asso.fr\/site\/wp-content\/uploads\/2020\/02\/Autocollant-JA-carr\u00e9-768x541.png 768w\" sizes=\"auto, (max-width: 977px) 100vw, 977px\" \/><\/p>\n<p>Logo 3 (communaut\u00e9 Jeunes Ailes) :<\/p>\n<p><img loading=\"lazy\" decoding=\"async\" class=\"size-full wp-image-2280 aligncenter\" src=\"http:\/\/jeunes-ailes.asso.fr\/site\/wp-content\/uploads\/2018\/05\/communaute_jeunes-ailes.png\" alt=\"\" width=\"650\" height=\"212\" srcset=\"https:\/\/jeunes-ailes.asso.fr\/site\/wp-content\/uploads\/2018\/05\/communaute_jeunes-ailes.png 650w, https:\/\/jeunes-ailes.asso.fr\/site\/wp-content\/uploads\/2018\/05\/communaute_jeunes-ailes-600x196.png 600w, https:\/\/jeunes-ailes.asso.fr\/site\/wp-content\/uploads\/2018\/05\/communaute_jeunes-ailes-300x98.png 300w\" sizes=\"auto, (max-width: 650px) 100vw, 650px\" \/><\/p>\n<p>Logo 4 (carte des Jeunes Ailes) :<\/p>\n<p><img loading=\"lazy\" decoding=\"async\" class=\"alignnone size-full wp-image-2593\" src=\"http:\/\/jeunes-ailes.asso.fr\/site\/wp-content\/uploads\/2020\/02\/carte_JA.png\" alt=\"\" width=\"188\" height=\"200\" \/>[\/vc_column_text]\n<\/div><\/div><\/div><div class=\"panel\"><div class=\"panel-heading\"><h6><a class=\"accordion-toggle\" data-toggle=\"collapse\" data-parent=\"#accordion0\" href=\"#panel2\">Affiches<\/a><\/h6><\/div><div id=\"panel2\" class=\"panel-collapse collapse in\"><div class=\"panel-body\">\n\t\t\t\t       <p><a href=\"https:\/\/jeunes-ailes.asso.fr\/site\/index.php\/affiches-jeunes-ailes\/\">Cliquez ici pour voir quelques unes des affiches des \u00e9v\u00e8nement Jeunes Ailes<\/a><\/p>\n<\/div><\/div><\/div>\n<\/div>[vc_column_text]\n<h2 style=\"text-align: center;\">Extrait des articles de presse :<\/h2>\n[\/vc_column_text][vc_masonry_media_grid grid_id=&#8221;vc_gid:1617084966347-dc2db8d618c6c203258fdddb1dd3216f-8&#8243; include=&#8221;2856,2857,2858,2859,2860,2861,2862,2863,2864,2865,2866,2867,2868,2873,2874,2875,2876,2879,2881,2883,2869,4198&#8243;][\/vc_column][\/vc_row]\n","protected":false},"excerpt":{"rendered":"<p>[vc_row][vc_column][vc_message message_box_style=&#8221;3d&#8221; message_box_color=&#8221;pink&#8221; icon_type=&#8221;pixelicons&#8221; icon_pixelicons=&#8221;vc_pixel_icon vc_pixel_icon-explanation&#8221;] Attention les photos, images, affiches et logos ne sont pas libres de droits. Ils appartiennent \u00e0 l&#8217;Association Jeunes Ailes et leurs auteurs. Si vous souhaitez les utiliser autre que pour votre usage personnel merci d&#8217;en demander l&#8217;autorisation au pr\u00e9alable. Contactez-nous [\/vc_message][vc_column_text] T\u00e9l\u00e9chargements Dossier de pr\u00e9sentation 2020 &#8211; Association Jeunes Ailes Revue de Presse Association Jeunes Ailes [\/vc_column_text][vc_column_text] Dossier de Pr\u00e9sentation Association Jeunes Ailes Dossier de pr\u00e9sentation 2020 &#8211; Association Jeunes Ailes [\/vc_column_text][vc_column_text] Dossier de Pr\u00e9sentation Association Jeunes Ailes [\/vc_column_text][vc_column_text] Logos, Affiches, et autres \u00e9l\u00e8ments \u00e0 t\u00e9l\u00e9charger : [\/vc_column_text][vc_column_text] Extrait des articles de presse : [\/vc_column_text][vc_masonry_media_grid grid_id=&#8221;vc_gid:1617084966347-dc2db8d618c6c203258fdddb1dd3216f-8&#8243; include=&#8221;2856,2857,2858,2859,2860,2861,2862,2863,2864,2865,2866,2867,2868,2873,2874,2875,2876,2879,2881,2883,2869,4198&#8243;][\/vc_column][\/vc_row]<\/p>\n","protected":false},"author":1,"featured_media":0,"parent":0,"menu_order":0,"comment_status":"closed","ping_status":"closed","template":"","meta":{"_mi_skip_tracking":false,"footnotes":""},"class_list":["post-7","page","type-page","status-publish","hentry","post-no-thumbnail"],"yoast_head":"<!-- This site is optimized with the Yoast SEO plugin v17.8 - https:\/\/yoast.com\/wordpress\/plugins\/seo\/ -->\n<title>M\u00e9dias\/Presse - Jeunes Ailes<\/title>\n<meta name=\"robots\" content=\"index, follow, max-snippet:-1, max-image-preview:large, max-video-preview:-1\" \/>\n<link rel=\"canonical\" href=\"https:\/\/jeunes-ailes.asso.fr\/site\/index.php\/media-press\/\" \/>\n<meta property=\"og:locale\" content=\"fr_FR\" \/>\n<meta property=\"og:type\" content=\"article\" \/>\n<meta property=\"og:title\" content=\"M\u00e9dias\/Presse - Jeunes Ailes\" \/>\n<meta property=\"og:description\" content=\"[vc_row][vc_column][vc_message message_box_style=&#8221;3d&#8221; message_box_color=&#8221;pink&#8221; icon_type=&#8221;pixelicons&#8221; icon_pixelicons=&#8221;vc_pixel_icon vc_pixel_icon-explanation&#8221;] Attention les photos, images, affiches et logos ne sont pas libres de droits. Ils appartiennent \u00e0 l&#8217;Association Jeunes Ailes et leurs auteurs. Si vous souhaitez les utiliser autre que pour votre usage personnel merci d&#8217;en demander l&#8217;autorisation au pr\u00e9alable. Contactez-nous [\/vc_message][vc_column_text] T\u00e9l\u00e9chargements Dossier de pr\u00e9sentation 2020 &#8211; Association Jeunes Ailes Revue de Presse Association Jeunes Ailes [\/vc_column_text][vc_column_text] Dossier de Pr\u00e9sentation Association Jeunes Ailes Dossier de pr\u00e9sentation 2020 &#8211; Association Jeunes Ailes [\/vc_column_text][vc_column_text] Dossier de Pr\u00e9sentation Association Jeunes Ailes [\/vc_column_text][vc_column_text] Logos, Affiches, et autres \u00e9l\u00e8ments \u00e0 t\u00e9l\u00e9charger : [\/vc_column_text][vc_column_text] Extrait des articles de presse : [\/vc_column_text][vc_masonry_media_grid grid_id=&#8221;vc_gid:1617084966347-dc2db8d618c6c203258fdddb1dd3216f-8&#8243; include=&#8221;2856,2857,2858,2859,2860,2861,2862,2863,2864,2865,2866,2867,2868,2873,2874,2875,2876,2879,2881,2883,2869,4198&#8243;][\/vc_column][\/vc_row]\" \/>\n<meta property=\"og:url\" content=\"https:\/\/jeunes-ailes.asso.fr\/site\/index.php\/media-press\/\" \/>\n<meta property=\"og:site_name\" content=\"Jeunes Ailes\" \/>\n<meta property=\"article:publisher\" content=\"https:\/\/fr-fr.facebook.com\/groups\/jeunesailes\" \/>\n<meta property=\"article:modified_time\" content=\"2021-03-30T06:18:27+00:00\" \/>\n<meta property=\"og:image\" content=\"http:\/\/jeunes-ailes.asso.fr\/site\/wp-content\/uploads\/2018\/05\/logo-jeunes-ailes.png\" \/>\n<meta name=\"twitter:card\" content=\"summary_large_image\" \/>\n<meta name=\"twitter:label1\" content=\"Dur\u00e9e de lecture estim\u00e9e\" \/>\n\t<meta name=\"twitter:data1\" content=\"1 minute\" \/>\n<script type=\"application\/ld+json\" class=\"yoast-schema-graph\">{\"@context\":\"https:\/\/schema.org\",\"@graph\":[{\"@type\":\"Organization\",\"@id\":\"https:\/\/jeunes-ailes.asso.fr\/site\/#organization\",\"name\":\"Jeunes Ailes\",\"url\":\"https:\/\/jeunes-ailes.asso.fr\/site\/\",\"sameAs\":[\"https:\/\/fr-fr.facebook.com\/groups\/jeunesailes\",\"https:\/\/www.instagram.com\/jeunes_ailes_association\/\",\"https:\/\/www.linkedin.com\/company\/jeunes-ailes\",\"https:\/\/www.youtube.com\/playlist?list=PLMEx60-fXLQt8yMxQ0iUZznXvUdgvr6WR\",\"https:\/\/fr.wikipedia.org\/wiki\/JA\"],\"logo\":{\"@type\":\"ImageObject\",\"@id\":\"https:\/\/jeunes-ailes.asso.fr\/site\/#logo\",\"inLanguage\":\"fr-FR\",\"url\":\"https:\/\/jeunes-ailes.asso.fr\/site\/wp-content\/uploads\/2018\/05\/logo-jeunes-ailes.png\",\"contentUrl\":\"https:\/\/jeunes-ailes.asso.fr\/site\/wp-content\/uploads\/2018\/05\/logo-jeunes-ailes.png\",\"width\":500,\"height\":464,\"caption\":\"Jeunes Ailes\"},\"image\":{\"@id\":\"https:\/\/jeunes-ailes.asso.fr\/site\/#logo\"}},{\"@type\":\"WebSite\",\"@id\":\"https:\/\/jeunes-ailes.asso.fr\/site\/#website\",\"url\":\"https:\/\/jeunes-ailes.asso.fr\/site\/\",\"name\":\"Jeunes Ailes\",\"description\":\"le site officiel de l&#039;association Jeunes Ailes, les passionn\\u00e9s d&#039;a\\u00e9ronautique\",\"publisher\":{\"@id\":\"https:\/\/jeunes-ailes.asso.fr\/site\/#organization\"},\"potentialAction\":[{\"@type\":\"SearchAction\",\"target\":{\"@type\":\"EntryPoint\",\"urlTemplate\":\"https:\/\/jeunes-ailes.asso.fr\/site\/?s={search_term_string}\"},\"query-input\":\"required name=search_term_string\"}],\"inLanguage\":\"fr-FR\"},{\"@type\":\"ImageObject\",\"@id\":\"https:\/\/jeunes-ailes.asso.fr\/site\/index.php\/media-press\/#primaryimage\",\"inLanguage\":\"fr-FR\",\"url\":\"http:\/\/jeunes-ailes.asso.fr\/site\/wp-content\/uploads\/2018\/05\/logo-jeunes-ailes.png\",\"contentUrl\":\"http:\/\/jeunes-ailes.asso.fr\/site\/wp-content\/uploads\/2018\/05\/logo-jeunes-ailes.png\"},{\"@type\":\"WebPage\",\"@id\":\"https:\/\/jeunes-ailes.asso.fr\/site\/index.php\/media-press\/#webpage\",\"url\":\"https:\/\/jeunes-ailes.asso.fr\/site\/index.php\/media-press\/\",\"name\":\"M\\u00e9dias\/Presse - Jeunes Ailes\",\"isPartOf\":{\"@id\":\"https:\/\/jeunes-ailes.asso.fr\/site\/#website\"},\"primaryImageOfPage\":{\"@id\":\"https:\/\/jeunes-ailes.asso.fr\/site\/index.php\/media-press\/#primaryimage\"},\"datePublished\":\"2013-07-06T06:28:15+00:00\",\"dateModified\":\"2021-03-30T06:18:27+00:00\",\"breadcrumb\":{\"@id\":\"https:\/\/jeunes-ailes.asso.fr\/site\/index.php\/media-press\/#breadcrumb\"},\"inLanguage\":\"fr-FR\",\"potentialAction\":[{\"@type\":\"ReadAction\",\"target\":[\"https:\/\/jeunes-ailes.asso.fr\/site\/index.php\/media-press\/\"]}]},{\"@type\":\"BreadcrumbList\",\"@id\":\"https:\/\/jeunes-ailes.asso.fr\/site\/index.php\/media-press\/#breadcrumb\",\"itemListElement\":[{\"@type\":\"ListItem\",\"position\":1,\"name\":\"Home\",\"item\":\"https:\/\/jeunes-ailes.asso.fr\/site\/\"},{\"@type\":\"ListItem\",\"position\":2,\"name\":\"M\\u00e9dias\/Presse\"}]}]}<\/script>\n<!-- \/ Yoast SEO plugin. -->","yoast_head_json":{"title":"M\u00e9dias\/Presse - Jeunes Ailes","robots":{"index":"index","follow":"follow","max-snippet":"max-snippet:-1","max-image-preview":"max-image-preview:large","max-video-preview":"max-video-preview:-1"},"canonical":"https:\/\/jeunes-ailes.asso.fr\/site\/index.php\/media-press\/","og_locale":"fr_FR","og_type":"article","og_title":"M\u00e9dias\/Presse - Jeunes Ailes","og_description":"[vc_row][vc_column][vc_message message_box_style=&#8221;3d&#8221; message_box_color=&#8221;pink&#8221; icon_type=&#8221;pixelicons&#8221; icon_pixelicons=&#8221;vc_pixel_icon vc_pixel_icon-explanation&#8221;] Attention les photos, images, affiches et logos ne sont pas libres de droits. Ils appartiennent \u00e0 l&#8217;Association Jeunes Ailes et leurs auteurs. Si vous souhaitez les utiliser autre que pour votre usage personnel merci d&#8217;en demander l&#8217;autorisation au pr\u00e9alable. Contactez-nous [\/vc_message][vc_column_text] T\u00e9l\u00e9chargements Dossier de pr\u00e9sentation 2020 &#8211; Association Jeunes Ailes Revue de Presse Association Jeunes Ailes [\/vc_column_text][vc_column_text] Dossier de Pr\u00e9sentation Association Jeunes Ailes Dossier de pr\u00e9sentation 2020 &#8211; Association Jeunes Ailes [\/vc_column_text][vc_column_text] Dossier de Pr\u00e9sentation Association Jeunes Ailes [\/vc_column_text][vc_column_text] Logos, Affiches, et autres \u00e9l\u00e8ments \u00e0 t\u00e9l\u00e9charger : [\/vc_column_text][vc_column_text] Extrait des articles de presse : [\/vc_column_text][vc_masonry_media_grid grid_id=&#8221;vc_gid:1617084966347-dc2db8d618c6c203258fdddb1dd3216f-8&#8243; include=&#8221;2856,2857,2858,2859,2860,2861,2862,2863,2864,2865,2866,2867,2868,2873,2874,2875,2876,2879,2881,2883,2869,4198&#8243;][\/vc_column][\/vc_row]","og_url":"https:\/\/jeunes-ailes.asso.fr\/site\/index.php\/media-press\/","og_site_name":"Jeunes Ailes","article_publisher":"https:\/\/fr-fr.facebook.com\/groups\/jeunesailes","article_modified_time":"2021-03-30T06:18:27+00:00","og_image":[{"url":"http:\/\/jeunes-ailes.asso.fr\/site\/wp-content\/uploads\/2018\/05\/logo-jeunes-ailes.png"}],"twitter_card":"summary_large_image","twitter_misc":{"Dur\u00e9e de lecture estim\u00e9e":"1 minute"},"schema":{"@context":"https:\/\/schema.org","@graph":[{"@type":"Organization","@id":"https:\/\/jeunes-ailes.asso.fr\/site\/#organization","name":"Jeunes Ailes","url":"https:\/\/jeunes-ailes.asso.fr\/site\/","sameAs":["https:\/\/fr-fr.facebook.com\/groups\/jeunesailes","https:\/\/www.instagram.com\/jeunes_ailes_association\/","https:\/\/www.linkedin.com\/company\/jeunes-ailes","https:\/\/www.youtube.com\/playlist?list=PLMEx60-fXLQt8yMxQ0iUZznXvUdgvr6WR","https:\/\/fr.wikipedia.org\/wiki\/JA"],"logo":{"@type":"ImageObject","@id":"https:\/\/jeunes-ailes.asso.fr\/site\/#logo","inLanguage":"fr-FR","url":"https:\/\/jeunes-ailes.asso.fr\/site\/wp-content\/uploads\/2018\/05\/logo-jeunes-ailes.png","contentUrl":"https:\/\/jeunes-ailes.asso.fr\/site\/wp-content\/uploads\/2018\/05\/logo-jeunes-ailes.png","width":500,"height":464,"caption":"Jeunes Ailes"},"image":{"@id":"https:\/\/jeunes-ailes.asso.fr\/site\/#logo"}},{"@type":"WebSite","@id":"https:\/\/jeunes-ailes.asso.fr\/site\/#website","url":"https:\/\/jeunes-ailes.asso.fr\/site\/","name":"Jeunes Ailes","description":"le site officiel de l&#039;association Jeunes Ailes, les passionn\u00e9s d&#039;a\u00e9ronautique","publisher":{"@id":"https:\/\/jeunes-ailes.asso.fr\/site\/#organization"},"potentialAction":[{"@type":"SearchAction","target":{"@type":"EntryPoint","urlTemplate":"https:\/\/jeunes-ailes.asso.fr\/site\/?s={search_term_string}"},"query-input":"required name=search_term_string"}],"inLanguage":"fr-FR"},{"@type":"ImageObject","@id":"https:\/\/jeunes-ailes.asso.fr\/site\/index.php\/media-press\/#primaryimage","inLanguage":"fr-FR","url":"http:\/\/jeunes-ailes.asso.fr\/site\/wp-content\/uploads\/2018\/05\/logo-jeunes-ailes.png","contentUrl":"http:\/\/jeunes-ailes.asso.fr\/site\/wp-content\/uploads\/2018\/05\/logo-jeunes-ailes.png"},{"@type":"WebPage","@id":"https:\/\/jeunes-ailes.asso.fr\/site\/index.php\/media-press\/#webpage","url":"https:\/\/jeunes-ailes.asso.fr\/site\/index.php\/media-press\/","name":"M\u00e9dias\/Presse - Jeunes Ailes","isPartOf":{"@id":"https:\/\/jeunes-ailes.asso.fr\/site\/#website"},"primaryImageOfPage":{"@id":"https:\/\/jeunes-ailes.asso.fr\/site\/index.php\/media-press\/#primaryimage"},"datePublished":"2013-07-06T06:28:15+00:00","dateModified":"2021-03-30T06:18:27+00:00","breadcrumb":{"@id":"https:\/\/jeunes-ailes.asso.fr\/site\/index.php\/media-press\/#breadcrumb"},"inLanguage":"fr-FR","potentialAction":[{"@type":"ReadAction","target":["https:\/\/jeunes-ailes.asso.fr\/site\/index.php\/media-press\/"]}]},{"@type":"BreadcrumbList","@id":"https:\/\/jeunes-ailes.asso.fr\/site\/index.php\/media-press\/#breadcrumb","itemListElement":[{"@type":"ListItem","position":1,"name":"Home","item":"https:\/\/jeunes-ailes.asso.fr\/site\/"},{"@type":"ListItem","position":2,"name":"M\u00e9dias\/Presse"}]}]}},"_links":{"self":[{"href":"https:\/\/jeunes-ailes.asso.fr\/site\/index.php\/wp-json\/wp\/v2\/pages\/7","targetHints":{"allow":["GET"]}}],"collection":[{"href":"https:\/\/jeunes-ailes.asso.fr\/site\/index.php\/wp-json\/wp\/v2\/pages"}],"about":[{"href":"https:\/\/jeunes-ailes.asso.fr\/site\/index.php\/wp-json\/wp\/v2\/types\/page"}],"author":[{"embeddable":true,"href":"https:\/\/jeunes-ailes.asso.fr\/site\/index.php\/wp-json\/wp\/v2\/users\/1"}],"replies":[{"embeddable":true,"href":"https:\/\/jeunes-ailes.asso.fr\/site\/index.php\/wp-json\/wp\/v2\/comments?post=7"}],"version-history":[{"count":1,"href":"https:\/\/jeunes-ailes.asso.fr\/site\/index.php\/wp-json\/wp\/v2\/pages\/7\/revisions"}],"predecessor-version":[{"id":4616,"href":"https:\/\/jeunes-ailes.asso.fr\/site\/index.php\/wp-json\/wp\/v2\/pages\/7\/revisions\/4616"}],"wp:attachment":[{"href":"https:\/\/jeunes-ailes.asso.fr\/site\/index.php\/wp-json\/wp\/v2\/media?parent=7"}],"curies":[{"name":"wp","href":"https:\/\/api.w.org\/{rel}","templated":true}]}}