{"id":2491,"date":"2020-02-25T14:08:07","date_gmt":"2020-02-25T13:08:07","guid":{"rendered":"http:\/\/jeunes-ailes.asso.fr\/site\/?page_id=2491"},"modified":"2020-02-27T11:23:30","modified_gmt":"2020-02-27T10:23:30","slug":"parrains","status":"publish","type":"page","link":"https:\/\/jeunes-ailes.asso.fr\/site\/index.php\/parrains\/","title":{"rendered":"Nos parrains"},"content":{"rendered":"[vc_row][vc_column][vc_column_text]\n<h2 style=\"text-align: center;\"><strong>Equipe Jeunes Ailes<\/strong><\/h2>\n[\/vc_column_text][vc_single_image image=&#8221;2377&#8243; img_size=&#8221;large&#8221; alignment=&#8221;center&#8221;][\/vc_column][\/vc_row][vc_row][vc_column width=&#8221;1\/4&#8243;]<div class=\"person clearfix \"><p class=\"text-center\"><img decoding=\"async\" src=\"https:\/\/jeunes-ailes.asso.fr\/site\/wp-content\/uploads\/2019\/02\/52748955_10217226065816284_2889564214752444416_o-e1589049328615.jpg\" alt=\"Julien JAY\"><\/p><div class=\"text-center\"><h5>Julien JAY<\/h5>Fondateur et Pr\u00e9sident de l'association Jeunes Ailes<br><br><p><p>Pratique(s) : Avion (vol montagne, voltige), Planeur, Parapente.<\/p>\n<p>Localisation : FRANCE Sud-Est<\/p>\n<\/p><p><a href=\"#\"><i class=\"fa fa-facebook fa-boxed fa-fw\" ><\/i><\/a> <a href=\"https:\/\/fr.linkedin.com\/in\/jayjulien\"><i class=\"fa fa-linkedin fa-boxed fa-fw\" ><\/i><\/a> <a href=\"mailto:julienjay@jeunes-ailes.asso.fr\"><i class=\"fa fa-envelope fa-boxed fa-fw\" ><\/i><\/a> <\/p><\/div><\/div>[\/vc_column][vc_column width=&#8221;1\/4&#8243;]<div class=\"person clearfix \"><div class=\"text-center\"><h5>Jonathan DELATTRE<\/h5>Pr\u00e9sident Adjoint et r\u00e9dacteur des Nouv'Ailes<br><br><p><p>Pratique(s) : Avion (voltige et +).<\/p>\n<p>Localisation : FRANCE Sud-Ouest<\/p>\n<p><em><strong>&nbsp;<\/strong><\/em><\/p>\n<p>&nbsp;<\/p>\n<\/p><\/div><\/div>[\/vc_column][vc_column width=&#8221;1\/4&#8243;]<div class=\"person clearfix \"><p class=\"text-center\"><img decoding=\"async\" src=\"https:\/\/jeunes-ailes.asso.fr\/site\/wp-content\/uploads\/2020\/02\/Aur\u00e9lien-Beuf-YOYO-scaled-e1582539627912.jpg\" alt=\"Aur\u00e9lien BEUF\"><\/p><div class=\"text-center\"><h5>Aur\u00e9lien BEUF<\/h5>Secr\u00e9taire de l'association Jeunes Ailes<br><br><p><p>Pratique(s) : Avion.<\/p>\n<p>Localisation : FRANCE Sud-Est<\/p>\n<p><strong><em>&nbsp;<\/em><\/strong><\/p>\n<p>&nbsp;<\/p>\n<\/p><\/div><\/div>[\/vc_column][vc_column width=&#8221;1\/4&#8243;]<div class=\"person clearfix \"><p class=\"text-center\"><img decoding=\"async\" src=\"https:\/\/jeunes-ailes.asso.fr\/site\/wp-content\/uploads\/2019\/02\/Pierre-Yves-MAGNIEN.jpg\" alt=\"Pierre-Yves MAGNIEN\"><\/p><div class=\"text-center\"><h5>Pierre-Yves MAGNIEN<\/h5><p><p>Pr\u00e9sident de l&#8217;association Jeunes Ailes 2012-2015<\/p>\n<p>Pratique(s) : Avion, ULM.<\/p>\n<p>Localisation : FRANCE Sud-Est<\/p>\n<p>Note : FI (Flight Instructor) MI (Mountain Instructor) FE (Flight Examinator) Enseignant BIA<\/p>\n<p>&nbsp;<\/p>\n<\/p><\/div><\/div>[\/vc_column][\/vc_row][vc_row][vc_column width=&#8221;1\/4&#8243;]<div class=\"person clearfix \"><p class=\"text-center\"><img decoding=\"async\" src=\"https:\/\/jeunes-ailes.asso.fr\/site\/wp-content\/uploads\/2019\/02\/Yann_EHRSTROM-e1594716064558.jpg\" alt=\"Yann EHRSTROM\"><\/p><div class=\"text-center\"><h5>Yann EHRSTROM<\/h5>Tr\u00e9sorier de l'association Jeunes Ailes<br><br><p><p>Pratique(s) : Avion, Planeur, Parapente, A\u00e9romod\u00e9lisme.<\/p>\n<p>Localisation : FRANCE Sud-Est<\/p>\n<p>Note : Champion de France de Vol \u00e0 Voile et membre de l&#8217;\u00e9quipe de France.<\/p>\n<\/p><\/div><\/div>[\/vc_column][vc_column width=&#8221;1\/4&#8243;]<div class=\"person clearfix \"><p class=\"text-center\"><img decoding=\"async\" src=\"https:\/\/jeunes-ailes.asso.fr\/site\/wp-content\/uploads\/2019\/02\/Fran\u00e7ois_GIBELLI-e1594715920465.jpg\" alt=\"Fran\u00e7ois GIBELLI\"><\/p><div class=\"text-center\"><h5>Fran\u00e7ois GIBELLI<\/h5>Responsable Communication et Relations Externes de l'association Jeunes Ailes<br><br><p><p>Activit\u00e9s A\u00e9ro : Avion.<\/p>\n<p>Localisation : FRANCE Ile de France.<\/p>\n<p>Note : FI (Flight Instructor) MI (Mountain Instructor)<\/p>\n<\/p><\/div><\/div>[\/vc_column][vc_column width=&#8221;1\/4&#8243;]<div class=\"person clearfix \"><p class=\"text-center\"><img decoding=\"async\" src=\"https:\/\/jeunes-ailes.asso.fr\/site\/wp-content\/uploads\/2020\/02\/Jerome_Chamoux.jpg\" alt=\"J\u00e9r\u00f4me CHAMOUX\"><\/p><div class=\"text-center\"><h5>J\u00e9r\u00f4me CHAMOUX<\/h5>Gestion &amp; Suivi des \u00e9v\u00e8nements \/ Membre du Conseil d'Administration<br><br><p><p>Activit\u00e9s A\u00e9ro : Avion, Parapente.<\/p>\n<p>Localisation : FRANCE Sud-Est<\/p>\n<p><em><strong>&nbsp;<\/strong><\/em><\/p>\n<p>&nbsp;<\/p>\n<\/p><\/div><\/div>[\/vc_column][vc_column width=&#8221;1\/4&#8243;]<div class=\"person clearfix \"><p class=\"text-center\"><img decoding=\"async\" src=\"https:\/\/jeunes-ailes.asso.fr\/site\/wp-content\/uploads\/2019\/02\/Axel_MASSACRIER.jpg\" alt=\"Axel MASSACRIER\"><\/p><div class=\"text-center\"><h5>Axel MASSACRIER<\/h5>Boutique Jeunes Ailes<br><br><p><p>Pratique(s) : Avion, ULM.<\/p>\n<p>Localisation : FRANCE Sud-Est<\/p>\n<p><em><strong>&nbsp;<\/strong><\/em><\/p>\n<p>&nbsp;<\/p>\n<\/p><\/div><\/div>[\/vc_column][\/vc_row][vc_row][vc_column width=&#8221;1\/4&#8243;]<div class=\"person clearfix \"><p class=\"text-center\"><img decoding=\"async\" src=\"https:\/\/jeunes-ailes.asso.fr\/site\/wp-content\/uploads\/2019\/02\/dumbo.jpg\" alt=\"Marie-Lorraine BULLE\"><\/p><div class=\"text-center\"><h5>Marie-Lorraine BULLE<\/h5>Co-Fondatrice de l'association Jeunes Ailes \/ Membre d'Honneur \/ Repr\u00e9sentante Jeunes Ailes International<br><br><p><p>Activit\u00e9s A\u00e9ro : Avion.<\/p>\n<p>Localisation : Moyen-Orient.<\/p>\n<p><em><strong>&nbsp;<\/strong><\/em><\/p>\n<p>&nbsp;<\/p>\n<\/p><\/div><\/div>[\/vc_column][vc_column width=&#8221;1\/4&#8243;]<div class=\"person clearfix \"><p class=\"text-center\"><img decoding=\"async\" src=\"https:\/\/jeunes-ailes.asso.fr\/site\/wp-content\/uploads\/2020\/02\/Julie_Quebre-scaled-e1582274155380.jpg\" alt=\"Julie Qu\u00e8bre\"><\/p><div class=\"text-center\"><h5>Julie Qu\u00e8bre<\/h5>Repr\u00e9sentante Jeunes Ailes Sud-Ouest<br><br><p><p>Activit\u00e9s A\u00e9ro : Avion.<\/p>\n<p>Localisation : FRANCE Sud-Ouest<\/p>\n<p><em><strong>&nbsp;<\/strong><\/em><\/p>\n<p>&nbsp;<\/p>\n<\/p><\/div><\/div>[\/vc_column][vc_column width=&#8221;1\/4&#8243;]<div class=\"person clearfix \"><p class=\"text-center\"><img decoding=\"async\" src=\"https:\/\/jeunes-ailes.asso.fr\/site\/wp-content\/uploads\/2020\/02\/2vp026-e1582540534507.jpg\" alt=\"Julien ROBIN\"><\/p><div class=\"text-center\"><h5>Julien ROBIN<\/h5>Membre du Conseil d'Administration \/ Photographe de l'Association<br><br><p><p>Activit\u00e9s A\u00e9ro : Avion.<\/p>\n<p>Localisation : FRANCE Sud-Est<\/p>\n<p><em><strong>&nbsp;<\/strong><\/em><\/p>\n<p>&nbsp;<\/p>\n<\/p><\/div><\/div>[\/vc_column][\/vc_row][vc_row][vc_column width=&#8221;1\/4&#8243;]<div class=\"person clearfix \"><p class=\"text-center\"><img decoding=\"async\" src=\"https:\/\/jeunes-ailes.asso.fr\/site\/wp-content\/uploads\/2019\/02\/Andr\u00e9-MERLIER.jpg\" alt=\"Andr\u00e9 MERLIER\"><\/p><div class=\"text-center\"><h5>Andr\u00e9 MERLIER<\/h5>Membre d'Honneur<br><br><p><p>Activit\u00e9s A\u00e9ro : Avion (Vol montagne roues et ski, voltige).<\/p>\n<p>FI (Flight Instructor) MI (Mountain Instructor)<\/p>\n<p>Localisation : FRANCE Sud-Est<\/p>\n<\/p><\/div><\/div>[\/vc_column][vc_column width=&#8221;1\/4&#8243;]<div class=\"person clearfix \"><p class=\"text-center\"><img decoding=\"async\" src=\"https:\/\/jeunes-ailes.asso.fr\/site\/wp-content\/uploads\/2019\/02\/51925965_252355382348962_2851312016243556352_n.jpg\" alt=\"Pascal ANGIBAULT\"><\/p><div class=\"text-center\"><h5>Pascal ANGIBAULT<\/h5>Membre du Conseil d'Administration<br><br><p><p>Pratique(s) : Avion, Parachutisme.<\/p>\n<p>Localisation : FRANCE Ile de France<\/p>\n<p><em><strong>&nbsp;<\/strong><\/em><\/p>\n<\/p><\/div><\/div>[\/vc_column][vc_column width=&#8221;1\/4&#8243;]<div class=\"person clearfix \"><p class=\"text-center\"><img decoding=\"async\" src=\"https:\/\/jeunes-ailes.asso.fr\/site\/wp-content\/uploads\/2019\/02\/Yannick-AUGERIE.jpg\" alt=\"Yannick AUGERIE\"><\/p><div class=\"text-center\"><h5>Yannick AUGERIE<\/h5><p><p>Pratique(s) : Avion.<\/p>\n<p>Localisation : FRANCE Nord-Ouest<\/p>\n<p><em><strong>&nbsp;<\/strong><\/em><\/p>\n<\/p><\/div><\/div>[\/vc_column][vc_column width=&#8221;1\/4&#8243;]<div class=\"person clearfix \"><p class=\"text-center\"><img decoding=\"async\" src=\"https:\/\/jeunes-ailes.asso.fr\/site\/wp-content\/uploads\/2019\/02\/Jean-Pierre-PARALIS.jpg\" alt=\"Jean-Pierre PARALIS\"><\/p><div class=\"text-center\"><h5>Jean-Pierre PARALIS<\/h5><p><p>Pratique(s) : Avion, Parapente, Parachutisme<\/p>\n<p>Localisation : FRANCE Sud-Est<\/p>\n<p><em><strong>&nbsp;<\/strong><\/em><\/p>\n<\/p><\/div><\/div>[\/vc_column][\/vc_row][vc_row][vc_column][vc_message message_box_color=&#8221;alert-info&#8221; icon_fontawesome=&#8221;fa fa-plane&#8221;]<strong>Et sans oublier tout ceux qui ont contribu\u00e9 de pr\u00eat ou de loin \u00e0 Jeunes Ailes lors de ses d\u00e9buts : <\/strong><\/p>\n<ul>\n<li>K\u00e9vinou<\/li>\n<li>Mathieu<\/li>\n<li>ML<\/li>\n<li>Axel<\/li>\n<li>Francky<\/li>\n<li>OlivierD<\/li>\n<li>toto<\/li>\n<li>Alexis_<\/li>\n<li>batman93<\/li>\n<li>MarionC<\/li>\n<li>AigleBlanc<\/li>\n<li>nico15<\/li>\n<li>et tout ceux qu&#8217;on aurait oubli\u00e9 !<\/li>\n<\/ul>\n[\/vc_message][\/vc_column][\/vc_row]\n","protected":false},"excerpt":{"rendered":"<p>[vc_row][vc_column][vc_column_text] Equipe Jeunes Ailes [\/vc_column_text][vc_single_image image=&#8221;2377&#8243; img_size=&#8221;large&#8221; alignment=&#8221;center&#8221;][\/vc_column][\/vc_row][vc_row][vc_column width=&#8221;1\/4&#8243;][\/vc_column][vc_column width=&#8221;1\/4&#8243;][\/vc_column][vc_column width=&#8221;1\/4&#8243;][\/vc_column][vc_column width=&#8221;1\/4&#8243;][\/vc_column][\/vc_row][vc_row][vc_column width=&#8221;1\/4&#8243;][\/vc_column][vc_column width=&#8221;1\/4&#8243;][\/vc_column][vc_column width=&#8221;1\/4&#8243;][\/vc_column][vc_column width=&#8221;1\/4&#8243;][\/vc_column][\/vc_row][vc_row][vc_column width=&#8221;1\/4&#8243;][\/vc_column][vc_column width=&#8221;1\/4&#8243;][\/vc_column][vc_column width=&#8221;1\/4&#8243;][\/vc_column][\/vc_row][vc_row][vc_column width=&#8221;1\/4&#8243;][\/vc_column][vc_column width=&#8221;1\/4&#8243;][\/vc_column][vc_column width=&#8221;1\/4&#8243;][\/vc_column][vc_column width=&#8221;1\/4&#8243;][\/vc_column][\/vc_row][vc_row][vc_column][vc_message message_box_color=&#8221;alert-info&#8221; icon_fontawesome=&#8221;fa fa-plane&#8221;]Et sans oublier tout ceux qui ont contribu\u00e9 de pr\u00eat ou de loin \u00e0 Jeunes Ailes lors de ses d\u00e9buts : K\u00e9vinou Mathieu ML Axel Francky OlivierD toto Alexis_ batman93 MarionC AigleBlanc nico15 et tout ceux qu&#8217;on aurait oubli\u00e9 ! [\/vc_message][\/vc_column][\/vc_row]<\/p>\n","protected":false},"author":1,"featured_media":0,"parent":0,"menu_order":0,"comment_status":"closed","ping_status":"closed","template":"","meta":{"_mi_skip_tracking":false,"footnotes":""},"class_list":["post-2491","page","type-page","status-publish","hentry","post-no-thumbnail"],"yoast_head":"<!-- This site is optimized with the Yoast SEO plugin v17.8 - https:\/\/yoast.com\/wordpress\/plugins\/seo\/ -->\n<title>Nos parrains - Jeunes Ailes<\/title>\n<meta name=\"robots\" content=\"index, follow, max-snippet:-1, max-image-preview:large, max-video-preview:-1\" \/>\n<link rel=\"canonical\" href=\"https:\/\/jeunes-ailes.asso.fr\/site\/index.php\/parrains\/\" \/>\n<meta property=\"og:locale\" content=\"fr_FR\" \/>\n<meta property=\"og:type\" content=\"article\" \/>\n<meta property=\"og:title\" content=\"Nos parrains - Jeunes Ailes\" \/>\n<meta property=\"og:description\" content=\"[vc_row][vc_column][vc_column_text] Equipe Jeunes Ailes [\/vc_column_text][vc_single_image image=&#8221;2377&#8243; img_size=&#8221;large&#8221; alignment=&#8221;center&#8221;][\/vc_column][\/vc_row][vc_row][vc_column width=&#8221;1\/4&#8243;][\/vc_column][vc_column width=&#8221;1\/4&#8243;][\/vc_column][vc_column width=&#8221;1\/4&#8243;][\/vc_column][vc_column width=&#8221;1\/4&#8243;][\/vc_column][\/vc_row][vc_row][vc_column width=&#8221;1\/4&#8243;][\/vc_column][vc_column width=&#8221;1\/4&#8243;][\/vc_column][vc_column width=&#8221;1\/4&#8243;][\/vc_column][vc_column width=&#8221;1\/4&#8243;][\/vc_column][\/vc_row][vc_row][vc_column width=&#8221;1\/4&#8243;][\/vc_column][vc_column width=&#8221;1\/4&#8243;][\/vc_column][vc_column width=&#8221;1\/4&#8243;][\/vc_column][\/vc_row][vc_row][vc_column width=&#8221;1\/4&#8243;][\/vc_column][vc_column width=&#8221;1\/4&#8243;][\/vc_column][vc_column width=&#8221;1\/4&#8243;][\/vc_column][vc_column width=&#8221;1\/4&#8243;][\/vc_column][\/vc_row][vc_row][vc_column][vc_message message_box_color=&#8221;alert-info&#8221; icon_fontawesome=&#8221;fa fa-plane&#8221;]Et sans oublier tout ceux qui ont contribu\u00e9 de pr\u00eat ou de loin \u00e0 Jeunes Ailes lors de ses d\u00e9buts : K\u00e9vinou Mathieu ML Axel Francky OlivierD toto Alexis_ batman93 MarionC AigleBlanc nico15 et tout ceux qu&#8217;on aurait oubli\u00e9 ! [\/vc_message][\/vc_column][\/vc_row]\" \/>\n<meta property=\"og:url\" content=\"https:\/\/jeunes-ailes.asso.fr\/site\/index.php\/parrains\/\" \/>\n<meta property=\"og:site_name\" content=\"Jeunes Ailes\" \/>\n<meta property=\"article:publisher\" content=\"https:\/\/fr-fr.facebook.com\/groups\/jeunesailes\" \/>\n<meta property=\"article:modified_time\" content=\"2020-02-27T10:23:30+00:00\" \/>\n<meta name=\"twitter:card\" content=\"summary_large_image\" \/>\n<meta name=\"twitter:label1\" content=\"Dur\u00e9e de lecture estim\u00e9e\" \/>\n\t<meta name=\"twitter:data1\" content=\"3 minutes\" \/>\n<script type=\"application\/ld+json\" class=\"yoast-schema-graph\">{\"@context\":\"https:\/\/schema.org\",\"@graph\":[{\"@type\":\"Organization\",\"@id\":\"https:\/\/jeunes-ailes.asso.fr\/site\/#organization\",\"name\":\"Jeunes Ailes\",\"url\":\"https:\/\/jeunes-ailes.asso.fr\/site\/\",\"sameAs\":[\"https:\/\/fr-fr.facebook.com\/groups\/jeunesailes\",\"https:\/\/www.instagram.com\/jeunes_ailes_association\/\",\"https:\/\/www.linkedin.com\/company\/jeunes-ailes\",\"https:\/\/www.youtube.com\/playlist?list=PLMEx60-fXLQt8yMxQ0iUZznXvUdgvr6WR\",\"https:\/\/fr.wikipedia.org\/wiki\/JA\"],\"logo\":{\"@type\":\"ImageObject\",\"@id\":\"https:\/\/jeunes-ailes.asso.fr\/site\/#logo\",\"inLanguage\":\"fr-FR\",\"url\":\"https:\/\/jeunes-ailes.asso.fr\/site\/wp-content\/uploads\/2018\/05\/logo-jeunes-ailes.png\",\"contentUrl\":\"https:\/\/jeunes-ailes.asso.fr\/site\/wp-content\/uploads\/2018\/05\/logo-jeunes-ailes.png\",\"width\":500,\"height\":464,\"caption\":\"Jeunes Ailes\"},\"image\":{\"@id\":\"https:\/\/jeunes-ailes.asso.fr\/site\/#logo\"}},{\"@type\":\"WebSite\",\"@id\":\"https:\/\/jeunes-ailes.asso.fr\/site\/#website\",\"url\":\"https:\/\/jeunes-ailes.asso.fr\/site\/\",\"name\":\"Jeunes Ailes\",\"description\":\"le site officiel de l&#039;association Jeunes Ailes, les passionn\\u00e9s d&#039;a\\u00e9ronautique\",\"publisher\":{\"@id\":\"https:\/\/jeunes-ailes.asso.fr\/site\/#organization\"},\"potentialAction\":[{\"@type\":\"SearchAction\",\"target\":{\"@type\":\"EntryPoint\",\"urlTemplate\":\"https:\/\/jeunes-ailes.asso.fr\/site\/?s={search_term_string}\"},\"query-input\":\"required name=search_term_string\"}],\"inLanguage\":\"fr-FR\"},{\"@type\":\"WebPage\",\"@id\":\"https:\/\/jeunes-ailes.asso.fr\/site\/index.php\/parrains\/#webpage\",\"url\":\"https:\/\/jeunes-ailes.asso.fr\/site\/index.php\/parrains\/\",\"name\":\"Nos parrains - Jeunes Ailes\",\"isPartOf\":{\"@id\":\"https:\/\/jeunes-ailes.asso.fr\/site\/#website\"},\"datePublished\":\"2020-02-25T13:08:07+00:00\",\"dateModified\":\"2020-02-27T10:23:30+00:00\",\"breadcrumb\":{\"@id\":\"https:\/\/jeunes-ailes.asso.fr\/site\/index.php\/parrains\/#breadcrumb\"},\"inLanguage\":\"fr-FR\",\"potentialAction\":[{\"@type\":\"ReadAction\",\"target\":[\"https:\/\/jeunes-ailes.asso.fr\/site\/index.php\/parrains\/\"]}]},{\"@type\":\"BreadcrumbList\",\"@id\":\"https:\/\/jeunes-ailes.asso.fr\/site\/index.php\/parrains\/#breadcrumb\",\"itemListElement\":[{\"@type\":\"ListItem\",\"position\":1,\"name\":\"Home\",\"item\":\"https:\/\/jeunes-ailes.asso.fr\/site\/\"},{\"@type\":\"ListItem\",\"position\":2,\"name\":\"Nos parrains\"}]}]}<\/script>\n<!-- \/ Yoast SEO plugin. -->","yoast_head_json":{"title":"Nos parrains - Jeunes Ailes","robots":{"index":"index","follow":"follow","max-snippet":"max-snippet:-1","max-image-preview":"max-image-preview:large","max-video-preview":"max-video-preview:-1"},"canonical":"https:\/\/jeunes-ailes.asso.fr\/site\/index.php\/parrains\/","og_locale":"fr_FR","og_type":"article","og_title":"Nos parrains - Jeunes Ailes","og_description":"[vc_row][vc_column][vc_column_text] Equipe Jeunes Ailes [\/vc_column_text][vc_single_image image=&#8221;2377&#8243; img_size=&#8221;large&#8221; alignment=&#8221;center&#8221;][\/vc_column][\/vc_row][vc_row][vc_column width=&#8221;1\/4&#8243;][\/vc_column][vc_column width=&#8221;1\/4&#8243;][\/vc_column][vc_column width=&#8221;1\/4&#8243;][\/vc_column][vc_column width=&#8221;1\/4&#8243;][\/vc_column][\/vc_row][vc_row][vc_column width=&#8221;1\/4&#8243;][\/vc_column][vc_column width=&#8221;1\/4&#8243;][\/vc_column][vc_column width=&#8221;1\/4&#8243;][\/vc_column][vc_column width=&#8221;1\/4&#8243;][\/vc_column][\/vc_row][vc_row][vc_column width=&#8221;1\/4&#8243;][\/vc_column][vc_column width=&#8221;1\/4&#8243;][\/vc_column][vc_column width=&#8221;1\/4&#8243;][\/vc_column][\/vc_row][vc_row][vc_column width=&#8221;1\/4&#8243;][\/vc_column][vc_column width=&#8221;1\/4&#8243;][\/vc_column][vc_column width=&#8221;1\/4&#8243;][\/vc_column][vc_column width=&#8221;1\/4&#8243;][\/vc_column][\/vc_row][vc_row][vc_column][vc_message message_box_color=&#8221;alert-info&#8221; icon_fontawesome=&#8221;fa fa-plane&#8221;]Et sans oublier tout ceux qui ont contribu\u00e9 de pr\u00eat ou de loin \u00e0 Jeunes Ailes lors de ses d\u00e9buts : K\u00e9vinou Mathieu ML Axel Francky OlivierD toto Alexis_ batman93 MarionC AigleBlanc nico15 et tout ceux qu&#8217;on aurait oubli\u00e9 ! [\/vc_message][\/vc_column][\/vc_row]","og_url":"https:\/\/jeunes-ailes.asso.fr\/site\/index.php\/parrains\/","og_site_name":"Jeunes Ailes","article_publisher":"https:\/\/fr-fr.facebook.com\/groups\/jeunesailes","article_modified_time":"2020-02-27T10:23:30+00:00","twitter_card":"summary_large_image","twitter_misc":{"Dur\u00e9e de lecture estim\u00e9e":"3 minutes"},"schema":{"@context":"https:\/\/schema.org","@graph":[{"@type":"Organization","@id":"https:\/\/jeunes-ailes.asso.fr\/site\/#organization","name":"Jeunes Ailes","url":"https:\/\/jeunes-ailes.asso.fr\/site\/","sameAs":["https:\/\/fr-fr.facebook.com\/groups\/jeunesailes","https:\/\/www.instagram.com\/jeunes_ailes_association\/","https:\/\/www.linkedin.com\/company\/jeunes-ailes","https:\/\/www.youtube.com\/playlist?list=PLMEx60-fXLQt8yMxQ0iUZznXvUdgvr6WR","https:\/\/fr.wikipedia.org\/wiki\/JA"],"logo":{"@type":"ImageObject","@id":"https:\/\/jeunes-ailes.asso.fr\/site\/#logo","inLanguage":"fr-FR","url":"https:\/\/jeunes-ailes.asso.fr\/site\/wp-content\/uploads\/2018\/05\/logo-jeunes-ailes.png","contentUrl":"https:\/\/jeunes-ailes.asso.fr\/site\/wp-content\/uploads\/2018\/05\/logo-jeunes-ailes.png","width":500,"height":464,"caption":"Jeunes Ailes"},"image":{"@id":"https:\/\/jeunes-ailes.asso.fr\/site\/#logo"}},{"@type":"WebSite","@id":"https:\/\/jeunes-ailes.asso.fr\/site\/#website","url":"https:\/\/jeunes-ailes.asso.fr\/site\/","name":"Jeunes Ailes","description":"le site officiel de l&#039;association Jeunes Ailes, les passionn\u00e9s d&#039;a\u00e9ronautique","publisher":{"@id":"https:\/\/jeunes-ailes.asso.fr\/site\/#organization"},"potentialAction":[{"@type":"SearchAction","target":{"@type":"EntryPoint","urlTemplate":"https:\/\/jeunes-ailes.asso.fr\/site\/?s={search_term_string}"},"query-input":"required name=search_term_string"}],"inLanguage":"fr-FR"},{"@type":"WebPage","@id":"https:\/\/jeunes-ailes.asso.fr\/site\/index.php\/parrains\/#webpage","url":"https:\/\/jeunes-ailes.asso.fr\/site\/index.php\/parrains\/","name":"Nos parrains - Jeunes Ailes","isPartOf":{"@id":"https:\/\/jeunes-ailes.asso.fr\/site\/#website"},"datePublished":"2020-02-25T13:08:07+00:00","dateModified":"2020-02-27T10:23:30+00:00","breadcrumb":{"@id":"https:\/\/jeunes-ailes.asso.fr\/site\/index.php\/parrains\/#breadcrumb"},"inLanguage":"fr-FR","potentialAction":[{"@type":"ReadAction","target":["https:\/\/jeunes-ailes.asso.fr\/site\/index.php\/parrains\/"]}]},{"@type":"BreadcrumbList","@id":"https:\/\/jeunes-ailes.asso.fr\/site\/index.php\/parrains\/#breadcrumb","itemListElement":[{"@type":"ListItem","position":1,"name":"Home","item":"https:\/\/jeunes-ailes.asso.fr\/site\/"},{"@type":"ListItem","position":2,"name":"Nos parrains"}]}]}},"_links":{"self":[{"href":"https:\/\/jeunes-ailes.asso.fr\/site\/index.php\/wp-json\/wp\/v2\/pages\/2491","targetHints":{"allow":["GET"]}}],"collection":[{"href":"https:\/\/jeunes-ailes.asso.fr\/site\/index.php\/wp-json\/wp\/v2\/pages"}],"about":[{"href":"https:\/\/jeunes-ailes.asso.fr\/site\/index.php\/wp-json\/wp\/v2\/types\/page"}],"author":[{"embeddable":true,"href":"https:\/\/jeunes-ailes.asso.fr\/site\/index.php\/wp-json\/wp\/v2\/users\/1"}],"replies":[{"embeddable":true,"href":"https:\/\/jeunes-ailes.asso.fr\/site\/index.php\/wp-json\/wp\/v2\/comments?post=2491"}],"version-history":[{"count":0,"href":"https:\/\/jeunes-ailes.asso.fr\/site\/index.php\/wp-json\/wp\/v2\/pages\/2491\/revisions"}],"wp:attachment":[{"href":"https:\/\/jeunes-ailes.asso.fr\/site\/index.php\/wp-json\/wp\/v2\/media?parent=2491"}],"curies":[{"name":"wp","href":"https:\/\/api.w.org\/{rel}","templated":true}]}}