{"id":2489,"date":"2020-02-25T14:07:49","date_gmt":"2020-02-25T13:07:49","guid":{"rendered":"http:\/\/jeunes-ailes.asso.fr\/site\/?page_id=2489"},"modified":"2020-11-02T10:40:51","modified_gmt":"2020-11-02T09:40:51","slug":"partenaires","status":"publish","type":"page","link":"https:\/\/jeunes-ailes.asso.fr\/site\/index.php\/partenaires\/","title":{"rendered":"Nos partenaires"},"content":{"rendered":"[vc_row css=&#8221;.vc_custom_1604310048382{padding-bottom: 20px !important;background-color: rgba(255,255,255,0.53) !important;*background-color: rgb(255,255,255) !important;border-radius: 15px !important;}&#8221;][vc_column width=&#8221;1\/4&#8243;][vc_single_image image=&#8221;3045&#8243; img_size=&#8221;170px&#8221; alignment=&#8221;center&#8221; onclick=&#8221;custom_link&#8221; img_link_target=&#8221;_blank&#8221; css_animation=&#8221;none&#8221; link=&#8221;http:\/\/www.afpm.fr&#8221;][vc_column_text]\n<h4 style=\"text-align: center;\">L&#8217;Association Fran\u00e7aise des Pilotes de Montagne<\/h4>\n[\/vc_column_text][\/vc_column][vc_column width=&#8221;1\/4&#8243;][vc_single_image image=&#8221;4056&#8243; img_size=&#8221;large&#8221; alignment=&#8221;center&#8221; onclick=&#8221;custom_link&#8221; img_link_target=&#8221;_blank&#8221; css_animation=&#8221;none&#8221; link=&#8221;http:\/\/www.afpm.fr&#8221;][vc_column_text]\n<h4 style=\"text-align: center;\">Dassault Aviation<\/h4>\n[\/vc_column_text][\/vc_column][vc_column width=&#8221;1\/4&#8243;][vc_single_image image=&#8221;3010&#8243; img_size=&#8221;large&#8221; alignment=&#8221;center&#8221; onclick=&#8221;custom_link&#8221; img_link_target=&#8221;_blank&#8221; css_animation=&#8221;none&#8221; link=&#8221;http:\/\/www.afpm.fr&#8221;][vc_column_text]\n<h4 style=\"text-align: center;\">L&#8217;Association Nationale des R\u00e9servistes de l&#8217;Arm\u00e9e de l&#8217;Air<\/h4>\n[\/vc_column_text][\/vc_column][vc_column width=&#8221;1\/4&#8243;][\/vc_column][vc_column][vc_cta h2=&#8221;Ils nous soutiennent !&#8221; h4=&#8221;un acte fort&#8221;]Depuis sa cr\u00e9ation en 2005, l&#8217;association Jeunes Ailes est soutenue et accompagn\u00e9e par des associations et entreprises a\u00e9ronautiques. Ce soutien, indispensable \u00e0 la poursuite de notre objectif et de nos missions, peut prendre plusieurs formes.<br \/>\nVous aussi, impliquez vous et rejoignez-nous ![\/vc_cta][vc_btn title=&#8221;Envie de nous soutenir ?&#8221; style=&#8221;3d&#8221; color=&#8221;warning&#8221; align=&#8221;center&#8221; i_icon_fontawesome=&#8221;fa fa-handshake-o&#8221; add_icon=&#8221;true&#8221; link=&#8221;url:http%3A%2F%2Fjeunes-ailes.asso.fr%2Fsite%2Findex.php%2Fcontact%2F|title:Contact||&#8221;][\/vc_column][\/vc_row]\n","protected":false},"excerpt":{"rendered":"<p>[vc_row css=&#8221;.vc_custom_1604310048382{padding-bottom: 20px !important;background-color: rgba(255,255,255,0.53) !important;*background-color: rgb(255,255,255) !important;border-radius: 15px !important;}&#8221;][vc_column width=&#8221;1\/4&#8243;][vc_single_image image=&#8221;3045&#8243; img_size=&#8221;170px&#8221; alignment=&#8221;center&#8221; onclick=&#8221;custom_link&#8221; img_link_target=&#8221;_blank&#8221; css_animation=&#8221;none&#8221; link=&#8221;http:\/\/www.afpm.fr&#8221;][vc_column_text] L&#8217;Association Fran\u00e7aise des Pilotes de Montagne [\/vc_column_text][\/vc_column][vc_column width=&#8221;1\/4&#8243;][vc_single_image image=&#8221;4056&#8243; img_size=&#8221;large&#8221; alignment=&#8221;center&#8221; onclick=&#8221;custom_link&#8221; img_link_target=&#8221;_blank&#8221; css_animation=&#8221;none&#8221; link=&#8221;http:\/\/www.afpm.fr&#8221;][vc_column_text] Dassault Aviation [\/vc_column_text][\/vc_column][vc_column width=&#8221;1\/4&#8243;][vc_single_image image=&#8221;3010&#8243; img_size=&#8221;large&#8221; alignment=&#8221;center&#8221; onclick=&#8221;custom_link&#8221; img_link_target=&#8221;_blank&#8221; css_animation=&#8221;none&#8221; link=&#8221;http:\/\/www.afpm.fr&#8221;][vc_column_text] L&#8217;Association Nationale des R\u00e9servistes de l&#8217;Arm\u00e9e de l&#8217;Air [\/vc_column_text][\/vc_column][vc_column width=&#8221;1\/4&#8243;][\/vc_column][vc_column][vc_cta h2=&#8221;Ils nous soutiennent !&#8221; h4=&#8221;un acte fort&#8221;]Depuis sa cr\u00e9ation en 2005, l&#8217;association Jeunes Ailes est soutenue et accompagn\u00e9e par des associations et entreprises a\u00e9ronautiques. Ce soutien, indispensable \u00e0 la poursuite de notre objectif et de nos missions, peut prendre plusieurs formes. Vous aussi, impliquez vous et rejoignez-nous ![\/vc_cta][vc_btn title=&#8221;Envie de nous soutenir ?&#8221; style=&#8221;3d&#8221; color=&#8221;warning&#8221; align=&#8221;center&#8221; i_icon_fontawesome=&#8221;fa fa-handshake-o&#8221; add_icon=&#8221;true&#8221; link=&#8221;url:http%3A%2F%2Fjeunes-ailes.asso.fr%2Fsite%2Findex.php%2Fcontact%2F|title:Contact||&#8221;][\/vc_column][\/vc_row]<\/p>\n","protected":false},"author":1,"featured_media":0,"parent":0,"menu_order":0,"comment_status":"closed","ping_status":"closed","template":"","meta":{"_mi_skip_tracking":false,"footnotes":""},"class_list":["post-2489","page","type-page","status-publish","hentry","post-no-thumbnail"],"yoast_head":"<!-- This site is optimized with the Yoast SEO plugin v17.8 - https:\/\/yoast.com\/wordpress\/plugins\/seo\/ -->\n<title>Nos partenaires - Jeunes Ailes<\/title>\n<meta name=\"robots\" content=\"index, follow, max-snippet:-1, max-image-preview:large, max-video-preview:-1\" \/>\n<link rel=\"canonical\" href=\"https:\/\/jeunes-ailes.asso.fr\/site\/index.php\/partenaires\/\" \/>\n<meta property=\"og:locale\" content=\"fr_FR\" \/>\n<meta property=\"og:type\" content=\"article\" \/>\n<meta property=\"og:title\" content=\"Nos partenaires - Jeunes Ailes\" \/>\n<meta property=\"og:description\" content=\"[vc_row css=&#8221;.vc_custom_1604310048382{padding-bottom: 20px !important;background-color: rgba(255,255,255,0.53) !important;*background-color: rgb(255,255,255) !important;border-radius: 15px !important;}&#8221;][vc_column width=&#8221;1\/4&#8243;][vc_single_image image=&#8221;3045&#8243; img_size=&#8221;170px&#8221; alignment=&#8221;center&#8221; onclick=&#8221;custom_link&#8221; img_link_target=&#8221;_blank&#8221; css_animation=&#8221;none&#8221; link=&#8221;http:\/\/www.afpm.fr&#8221;][vc_column_text] L&#8217;Association Fran\u00e7aise des Pilotes de Montagne [\/vc_column_text][\/vc_column][vc_column width=&#8221;1\/4&#8243;][vc_single_image image=&#8221;4056&#8243; img_size=&#8221;large&#8221; alignment=&#8221;center&#8221; onclick=&#8221;custom_link&#8221; img_link_target=&#8221;_blank&#8221; css_animation=&#8221;none&#8221; link=&#8221;http:\/\/www.afpm.fr&#8221;][vc_column_text] Dassault Aviation [\/vc_column_text][\/vc_column][vc_column width=&#8221;1\/4&#8243;][vc_single_image image=&#8221;3010&#8243; img_size=&#8221;large&#8221; alignment=&#8221;center&#8221; onclick=&#8221;custom_link&#8221; img_link_target=&#8221;_blank&#8221; css_animation=&#8221;none&#8221; link=&#8221;http:\/\/www.afpm.fr&#8221;][vc_column_text] L&#8217;Association Nationale des R\u00e9servistes de l&#8217;Arm\u00e9e de l&#8217;Air [\/vc_column_text][\/vc_column][vc_column width=&#8221;1\/4&#8243;][\/vc_column][vc_column][vc_cta h2=&#8221;Ils nous soutiennent !&#8221; h4=&#8221;un acte fort&#8221;]Depuis sa cr\u00e9ation en 2005, l&#8217;association Jeunes Ailes est soutenue et accompagn\u00e9e par des associations et entreprises a\u00e9ronautiques. Ce soutien, indispensable \u00e0 la poursuite de notre objectif et de nos missions, peut prendre plusieurs formes. Vous aussi, impliquez vous et rejoignez-nous ![\/vc_cta][vc_btn title=&#8221;Envie de nous soutenir ?&#8221; style=&#8221;3d&#8221; color=&#8221;warning&#8221; align=&#8221;center&#8221; i_icon_fontawesome=&#8221;fa fa-handshake-o&#8221; add_icon=&#8221;true&#8221; link=&#8221;url:http%3A%2F%2Fjeunes-ailes.asso.fr%2Fsite%2Findex.php%2Fcontact%2F|title:Contact||&#8221;][\/vc_column][\/vc_row]\" \/>\n<meta property=\"og:url\" content=\"https:\/\/jeunes-ailes.asso.fr\/site\/index.php\/partenaires\/\" \/>\n<meta property=\"og:site_name\" content=\"Jeunes Ailes\" \/>\n<meta property=\"article:publisher\" content=\"https:\/\/fr-fr.facebook.com\/groups\/jeunesailes\" \/>\n<meta property=\"article:modified_time\" content=\"2020-11-02T09:40:51+00:00\" \/>\n<meta name=\"twitter:card\" content=\"summary_large_image\" \/>\n<meta name=\"twitter:label1\" content=\"Dur\u00e9e de lecture estim\u00e9e\" \/>\n\t<meta name=\"twitter:data1\" content=\"1 minute\" \/>\n<script type=\"application\/ld+json\" class=\"yoast-schema-graph\">{\"@context\":\"https:\/\/schema.org\",\"@graph\":[{\"@type\":\"Organization\",\"@id\":\"https:\/\/jeunes-ailes.asso.fr\/site\/#organization\",\"name\":\"Jeunes Ailes\",\"url\":\"https:\/\/jeunes-ailes.asso.fr\/site\/\",\"sameAs\":[\"https:\/\/fr-fr.facebook.com\/groups\/jeunesailes\",\"https:\/\/www.instagram.com\/jeunes_ailes_association\/\",\"https:\/\/www.linkedin.com\/company\/jeunes-ailes\",\"https:\/\/www.youtube.com\/playlist?list=PLMEx60-fXLQt8yMxQ0iUZznXvUdgvr6WR\",\"https:\/\/fr.wikipedia.org\/wiki\/JA\"],\"logo\":{\"@type\":\"ImageObject\",\"@id\":\"https:\/\/jeunes-ailes.asso.fr\/site\/#logo\",\"inLanguage\":\"fr-FR\",\"url\":\"https:\/\/jeunes-ailes.asso.fr\/site\/wp-content\/uploads\/2018\/05\/logo-jeunes-ailes.png\",\"contentUrl\":\"https:\/\/jeunes-ailes.asso.fr\/site\/wp-content\/uploads\/2018\/05\/logo-jeunes-ailes.png\",\"width\":500,\"height\":464,\"caption\":\"Jeunes Ailes\"},\"image\":{\"@id\":\"https:\/\/jeunes-ailes.asso.fr\/site\/#logo\"}},{\"@type\":\"WebSite\",\"@id\":\"https:\/\/jeunes-ailes.asso.fr\/site\/#website\",\"url\":\"https:\/\/jeunes-ailes.asso.fr\/site\/\",\"name\":\"Jeunes Ailes\",\"description\":\"le site officiel de l&#039;association Jeunes Ailes, les passionn\\u00e9s d&#039;a\\u00e9ronautique\",\"publisher\":{\"@id\":\"https:\/\/jeunes-ailes.asso.fr\/site\/#organization\"},\"potentialAction\":[{\"@type\":\"SearchAction\",\"target\":{\"@type\":\"EntryPoint\",\"urlTemplate\":\"https:\/\/jeunes-ailes.asso.fr\/site\/?s={search_term_string}\"},\"query-input\":\"required name=search_term_string\"}],\"inLanguage\":\"fr-FR\"},{\"@type\":\"WebPage\",\"@id\":\"https:\/\/jeunes-ailes.asso.fr\/site\/index.php\/partenaires\/#webpage\",\"url\":\"https:\/\/jeunes-ailes.asso.fr\/site\/index.php\/partenaires\/\",\"name\":\"Nos partenaires - Jeunes Ailes\",\"isPartOf\":{\"@id\":\"https:\/\/jeunes-ailes.asso.fr\/site\/#website\"},\"datePublished\":\"2020-02-25T13:07:49+00:00\",\"dateModified\":\"2020-11-02T09:40:51+00:00\",\"breadcrumb\":{\"@id\":\"https:\/\/jeunes-ailes.asso.fr\/site\/index.php\/partenaires\/#breadcrumb\"},\"inLanguage\":\"fr-FR\",\"potentialAction\":[{\"@type\":\"ReadAction\",\"target\":[\"https:\/\/jeunes-ailes.asso.fr\/site\/index.php\/partenaires\/\"]}]},{\"@type\":\"BreadcrumbList\",\"@id\":\"https:\/\/jeunes-ailes.asso.fr\/site\/index.php\/partenaires\/#breadcrumb\",\"itemListElement\":[{\"@type\":\"ListItem\",\"position\":1,\"name\":\"Home\",\"item\":\"https:\/\/jeunes-ailes.asso.fr\/site\/\"},{\"@type\":\"ListItem\",\"position\":2,\"name\":\"Nos partenaires\"}]}]}<\/script>\n<!-- \/ Yoast SEO plugin. -->","yoast_head_json":{"title":"Nos partenaires - Jeunes Ailes","robots":{"index":"index","follow":"follow","max-snippet":"max-snippet:-1","max-image-preview":"max-image-preview:large","max-video-preview":"max-video-preview:-1"},"canonical":"https:\/\/jeunes-ailes.asso.fr\/site\/index.php\/partenaires\/","og_locale":"fr_FR","og_type":"article","og_title":"Nos partenaires - Jeunes Ailes","og_description":"[vc_row css=&#8221;.vc_custom_1604310048382{padding-bottom: 20px !important;background-color: rgba(255,255,255,0.53) !important;*background-color: rgb(255,255,255) !important;border-radius: 15px !important;}&#8221;][vc_column width=&#8221;1\/4&#8243;][vc_single_image image=&#8221;3045&#8243; img_size=&#8221;170px&#8221; alignment=&#8221;center&#8221; onclick=&#8221;custom_link&#8221; img_link_target=&#8221;_blank&#8221; css_animation=&#8221;none&#8221; link=&#8221;http:\/\/www.afpm.fr&#8221;][vc_column_text] L&#8217;Association Fran\u00e7aise des Pilotes de Montagne [\/vc_column_text][\/vc_column][vc_column width=&#8221;1\/4&#8243;][vc_single_image image=&#8221;4056&#8243; img_size=&#8221;large&#8221; alignment=&#8221;center&#8221; onclick=&#8221;custom_link&#8221; img_link_target=&#8221;_blank&#8221; css_animation=&#8221;none&#8221; link=&#8221;http:\/\/www.afpm.fr&#8221;][vc_column_text] Dassault Aviation [\/vc_column_text][\/vc_column][vc_column width=&#8221;1\/4&#8243;][vc_single_image image=&#8221;3010&#8243; img_size=&#8221;large&#8221; alignment=&#8221;center&#8221; onclick=&#8221;custom_link&#8221; img_link_target=&#8221;_blank&#8221; css_animation=&#8221;none&#8221; link=&#8221;http:\/\/www.afpm.fr&#8221;][vc_column_text] L&#8217;Association Nationale des R\u00e9servistes de l&#8217;Arm\u00e9e de l&#8217;Air [\/vc_column_text][\/vc_column][vc_column width=&#8221;1\/4&#8243;][\/vc_column][vc_column][vc_cta h2=&#8221;Ils nous soutiennent !&#8221; h4=&#8221;un acte fort&#8221;]Depuis sa cr\u00e9ation en 2005, l&#8217;association Jeunes Ailes est soutenue et accompagn\u00e9e par des associations et entreprises a\u00e9ronautiques. Ce soutien, indispensable \u00e0 la poursuite de notre objectif et de nos missions, peut prendre plusieurs formes. Vous aussi, impliquez vous et rejoignez-nous ![\/vc_cta][vc_btn title=&#8221;Envie de nous soutenir ?&#8221; style=&#8221;3d&#8221; color=&#8221;warning&#8221; align=&#8221;center&#8221; i_icon_fontawesome=&#8221;fa fa-handshake-o&#8221; add_icon=&#8221;true&#8221; link=&#8221;url:http%3A%2F%2Fjeunes-ailes.asso.fr%2Fsite%2Findex.php%2Fcontact%2F|title:Contact||&#8221;][\/vc_column][\/vc_row]","og_url":"https:\/\/jeunes-ailes.asso.fr\/site\/index.php\/partenaires\/","og_site_name":"Jeunes Ailes","article_publisher":"https:\/\/fr-fr.facebook.com\/groups\/jeunesailes","article_modified_time":"2020-11-02T09:40:51+00:00","twitter_card":"summary_large_image","twitter_misc":{"Dur\u00e9e de lecture estim\u00e9e":"1 minute"},"schema":{"@context":"https:\/\/schema.org","@graph":[{"@type":"Organization","@id":"https:\/\/jeunes-ailes.asso.fr\/site\/#organization","name":"Jeunes Ailes","url":"https:\/\/jeunes-ailes.asso.fr\/site\/","sameAs":["https:\/\/fr-fr.facebook.com\/groups\/jeunesailes","https:\/\/www.instagram.com\/jeunes_ailes_association\/","https:\/\/www.linkedin.com\/company\/jeunes-ailes","https:\/\/www.youtube.com\/playlist?list=PLMEx60-fXLQt8yMxQ0iUZznXvUdgvr6WR","https:\/\/fr.wikipedia.org\/wiki\/JA"],"logo":{"@type":"ImageObject","@id":"https:\/\/jeunes-ailes.asso.fr\/site\/#logo","inLanguage":"fr-FR","url":"https:\/\/jeunes-ailes.asso.fr\/site\/wp-content\/uploads\/2018\/05\/logo-jeunes-ailes.png","contentUrl":"https:\/\/jeunes-ailes.asso.fr\/site\/wp-content\/uploads\/2018\/05\/logo-jeunes-ailes.png","width":500,"height":464,"caption":"Jeunes Ailes"},"image":{"@id":"https:\/\/jeunes-ailes.asso.fr\/site\/#logo"}},{"@type":"WebSite","@id":"https:\/\/jeunes-ailes.asso.fr\/site\/#website","url":"https:\/\/jeunes-ailes.asso.fr\/site\/","name":"Jeunes Ailes","description":"le site officiel de l&#039;association Jeunes Ailes, les passionn\u00e9s d&#039;a\u00e9ronautique","publisher":{"@id":"https:\/\/jeunes-ailes.asso.fr\/site\/#organization"},"potentialAction":[{"@type":"SearchAction","target":{"@type":"EntryPoint","urlTemplate":"https:\/\/jeunes-ailes.asso.fr\/site\/?s={search_term_string}"},"query-input":"required name=search_term_string"}],"inLanguage":"fr-FR"},{"@type":"WebPage","@id":"https:\/\/jeunes-ailes.asso.fr\/site\/index.php\/partenaires\/#webpage","url":"https:\/\/jeunes-ailes.asso.fr\/site\/index.php\/partenaires\/","name":"Nos partenaires - Jeunes Ailes","isPartOf":{"@id":"https:\/\/jeunes-ailes.asso.fr\/site\/#website"},"datePublished":"2020-02-25T13:07:49+00:00","dateModified":"2020-11-02T09:40:51+00:00","breadcrumb":{"@id":"https:\/\/jeunes-ailes.asso.fr\/site\/index.php\/partenaires\/#breadcrumb"},"inLanguage":"fr-FR","potentialAction":[{"@type":"ReadAction","target":["https:\/\/jeunes-ailes.asso.fr\/site\/index.php\/partenaires\/"]}]},{"@type":"BreadcrumbList","@id":"https:\/\/jeunes-ailes.asso.fr\/site\/index.php\/partenaires\/#breadcrumb","itemListElement":[{"@type":"ListItem","position":1,"name":"Home","item":"https:\/\/jeunes-ailes.asso.fr\/site\/"},{"@type":"ListItem","position":2,"name":"Nos partenaires"}]}]}},"_links":{"self":[{"href":"https:\/\/jeunes-ailes.asso.fr\/site\/index.php\/wp-json\/wp\/v2\/pages\/2489","targetHints":{"allow":["GET"]}}],"collection":[{"href":"https:\/\/jeunes-ailes.asso.fr\/site\/index.php\/wp-json\/wp\/v2\/pages"}],"about":[{"href":"https:\/\/jeunes-ailes.asso.fr\/site\/index.php\/wp-json\/wp\/v2\/types\/page"}],"author":[{"embeddable":true,"href":"https:\/\/jeunes-ailes.asso.fr\/site\/index.php\/wp-json\/wp\/v2\/users\/1"}],"replies":[{"embeddable":true,"href":"https:\/\/jeunes-ailes.asso.fr\/site\/index.php\/wp-json\/wp\/v2\/comments?post=2489"}],"version-history":[{"count":0,"href":"https:\/\/jeunes-ailes.asso.fr\/site\/index.php\/wp-json\/wp\/v2\/pages\/2489\/revisions"}],"wp:attachment":[{"href":"https:\/\/jeunes-ailes.asso.fr\/site\/index.php\/wp-json\/wp\/v2\/media?parent=2489"}],"curies":[{"name":"wp","href":"https:\/\/api.w.org\/{rel}","templated":true}]}}